{"id":5901,"date":"2021-12-15T11:41:12","date_gmt":"2021-12-15T11:41:12","guid":{"rendered":"https:\/\/serraturemeroni.it\/meroni-technology\/"},"modified":"2025-03-27T15:30:29","modified_gmt":"2025-03-27T15:30:29","slug":"meroni-technology","status":"publish","type":"page","link":"https:\/\/serraturemeroni.it\/fr\/meroni-technology\/","title":{"rendered":"Meroni Technology"},"content":{"rendered":"\t\t<div data-elementor-type=\"wp-page\" data-elementor-id=\"5901\" class=\"elementor elementor-5901 elementor-597\" data-elementor-settings=\"{&quot;ha_cmc_init_switcher&quot;:&quot;no&quot;}\" data-elementor-post-type=\"page\">\n\t\t\t\t\t\t<section data-particle_enable=\"false\" data-particle-mobile-disabled=\"false\" class=\"elementor-section elementor-top-section elementor-element elementor-element-72a199a elementor-section-full_width elementor-section-height-full elementor-section-height-default elementor-section-items-middle\" data-id=\"72a199a\" data-element_type=\"section\" data-e-type=\"section\" data-settings=\"{&quot;_ha_eqh_enable&quot;:false}\">\n\t\t\t\t\t\t<div class=\"elementor-container elementor-column-gap-no\">\n\t\t\t\t\t<div class=\"elementor-column elementor-col-100 elementor-top-column elementor-element elementor-element-10c2d96\" data-id=\"10c2d96\" data-element_type=\"column\" data-e-type=\"column\">\n\t\t\t<div class=\"elementor-widget-wrap elementor-element-populated\">\n\t\t\t\t\t\t<div class=\"elementor-element elementor-element-f5a2572 elementor--h-position-center elementor--v-position-middle elementor-arrows-position-inside elementor-widget elementor-widget-slides\" data-id=\"f5a2572\" data-element_type=\"widget\" data-e-type=\"widget\" data-settings=\"{&quot;navigation&quot;:&quot;arrows&quot;,&quot;autoplay&quot;:&quot;yes&quot;,&quot;pause_on_hover&quot;:&quot;yes&quot;,&quot;pause_on_interaction&quot;:&quot;yes&quot;,&quot;autoplay_speed&quot;:5000,&quot;infinite&quot;:&quot;yes&quot;,&quot;transition&quot;:&quot;slide&quot;,&quot;transition_speed&quot;:500}\" data-widget_type=\"slides.default\">\n\t\t\t\t<div class=\"elementor-widget-container\">\n\t\t\t\t\t\t\t\t\t<div class=\"elementor-swiper\">\n\t\t\t\t\t<div class=\"elementor-slides-wrapper elementor-main-swiper swiper\" role=\"region\" aria-roledescription=\"carousel\" aria-label=\"Diapositives\" dir=\"ltr\" data-animation=\"fadeInUp\">\n\t\t\t\t<div class=\"swiper-wrapper elementor-slides\">\n\t\t\t\t\t\t\t\t\t\t<div class=\"elementor-repeater-item-7de0738 swiper-slide\" role=\"group\" aria-roledescription=\"slide\"><div class=\"swiper-slide-bg\" role=\"img\" aria-label=\"Schermata 2020-03-17 alle 09.52.54\"><\/div><div class=\"elementor-background-overlay\"><\/div><div class=\"swiper-slide-inner\" ><div class=\"swiper-slide-contents\"><div class=\"elementor-slide-heading\">Meroni Technology<\/div><div class=\"elementor-slide-description\">Solutions intelligentes pour la s\u00e9curit\u00e9 de votre maison, bureau et v\u00e9hicule<\/div><a href=\"https:\/\/youtu.be\/zSGz-JeDKc4\" target=\"_blank\" class=\"elementor-button elementor-slide-button elementor-size-lg\">Regardez la vid\u00e9o<\/a><\/div><\/div><\/div>\t\t\t\t<\/div>\n\t\t\t\t\t\t\t<\/div>\n\t\t\t\t<\/div>\n\t\t\t\t\t\t\t\t<\/div>\n\t\t\t\t<\/div>\n\t\t\t\t\t<\/div>\n\t\t<\/div>\n\t\t\t\t\t<\/div>\n\t\t<\/section>\n\t\t\t\t<section data-particle_enable=\"false\" data-particle-mobile-disabled=\"false\" class=\"elementor-section elementor-top-section elementor-element elementor-element-fd5ff48 elementor-section-boxed elementor-section-height-default elementor-section-height-default\" data-id=\"fd5ff48\" data-element_type=\"section\" data-e-type=\"section\" data-settings=\"{&quot;background_background&quot;:&quot;classic&quot;,&quot;_ha_eqh_enable&quot;:false}\">\n\t\t\t\t\t\t<div class=\"elementor-container elementor-column-gap-default\">\n\t\t\t\t\t<div class=\"elementor-column elementor-col-100 elementor-top-column elementor-element elementor-element-0f62cf5\" data-id=\"0f62cf5\" data-element_type=\"column\" data-e-type=\"column\">\n\t\t\t<div class=\"elementor-widget-wrap elementor-element-populated\">\n\t\t\t\t\t\t<div class=\"elementor-element elementor-element-91a810c elementor-widget elementor-widget-heading\" data-id=\"91a810c\" data-element_type=\"widget\" data-e-type=\"widget\" data-widget_type=\"heading.default\">\n\t\t\t\t<div class=\"elementor-widget-container\">\n\t\t\t\t\t<h2 class=\"elementor-heading-title elementor-size-default\">Un \u00e9cosyst\u00e8me de produits connect\u00e9s les uns aux autres<\/h2>\t\t\t\t<\/div>\n\t\t\t\t<\/div>\n\t\t\t\t\t<\/div>\n\t\t<\/div>\n\t\t\t\t\t<\/div>\n\t\t<\/section>\n\t\t\t\t<section data-particle_enable=\"false\" data-particle-mobile-disabled=\"false\" class=\"elementor-section elementor-top-section elementor-element elementor-element-9c4e920 elementor-section-boxed elementor-section-height-default elementor-section-height-default\" data-id=\"9c4e920\" data-element_type=\"section\" data-e-type=\"section\" data-settings=\"{&quot;_ha_eqh_enable&quot;:false}\">\n\t\t\t\t\t\t<div class=\"elementor-container elementor-column-gap-default\">\n\t\t\t\t\t<div class=\"elementor-column elementor-col-100 elementor-top-column elementor-element elementor-element-668e423\" data-id=\"668e423\" data-element_type=\"column\" data-e-type=\"column\" data-settings=\"{&quot;background_background&quot;:&quot;classic&quot;}\">\n\t\t\t<div class=\"elementor-widget-wrap elementor-element-populated\">\n\t\t\t\t\t\t<section data-particle_enable=\"false\" data-particle-mobile-disabled=\"false\" class=\"elementor-section elementor-inner-section elementor-element elementor-element-74e32b1 elementor-section-boxed elementor-section-height-default elementor-section-height-default\" data-id=\"74e32b1\" data-element_type=\"section\" data-e-type=\"section\" data-settings=\"{&quot;background_background&quot;:&quot;gradient&quot;,&quot;_ha_eqh_enable&quot;:false}\">\n\t\t\t\t\t\t<div class=\"elementor-container elementor-column-gap-default\">\n\t\t\t\t\t<div class=\"elementor-column elementor-col-50 elementor-inner-column elementor-element elementor-element-6af7b60\" data-id=\"6af7b60\" data-element_type=\"column\" data-e-type=\"column\">\n\t\t\t<div class=\"elementor-widget-wrap elementor-element-populated\">\n\t\t\t\t\t\t<div class=\"elementor-element elementor-element-f84bc52 elementor-widget elementor-widget-image\" data-id=\"f84bc52\" data-element_type=\"widget\" data-e-type=\"widget\" data-widget_type=\"image.default\">\n\t\t\t\t<div class=\"elementor-widget-container\">\n\t\t\t\t\t\t\t\t\t\t\t\t\t\t\t<img fetchpriority=\"high\" decoding=\"async\" width=\"800\" height=\"800\" src=\"https:\/\/serraturemeroni.it\/wp-content\/uploads\/2021\/10\/MOCKUP_scena3-copy-1024x1024.jpg\" class=\"attachment-large size-large wp-image-4599\" alt=\"\" srcset=\"https:\/\/serraturemeroni.it\/wp-content\/uploads\/2021\/10\/MOCKUP_scena3-copy-1024x1024.jpg 1024w, https:\/\/serraturemeroni.it\/wp-content\/uploads\/2021\/10\/MOCKUP_scena3-copy-300x300.jpg 300w, https:\/\/serraturemeroni.it\/wp-content\/uploads\/2021\/10\/MOCKUP_scena3-copy-150x150.jpg 150w, https:\/\/serraturemeroni.it\/wp-content\/uploads\/2021\/10\/MOCKUP_scena3-copy-768x768.jpg 768w, https:\/\/serraturemeroni.it\/wp-content\/uploads\/2021\/10\/MOCKUP_scena3-copy-1536x1536.jpg 1536w, https:\/\/serraturemeroni.it\/wp-content\/uploads\/2021\/10\/MOCKUP_scena3-copy.jpg 2000w\" sizes=\"(max-width: 800px) 100vw, 800px\" \/>\t\t\t\t\t\t\t\t\t\t\t\t\t\t\t<\/div>\n\t\t\t\t<\/div>\n\t\t\t\t\t<\/div>\n\t\t<\/div>\n\t\t\t\t<div class=\"elementor-column elementor-col-50 elementor-inner-column elementor-element elementor-element-9b620b1\" data-id=\"9b620b1\" data-element_type=\"column\" data-e-type=\"column\">\n\t\t\t<div class=\"elementor-widget-wrap elementor-element-populated\">\n\t\t\t\t\t\t<div class=\"elementor-element elementor-element-082e81c elementor-widget elementor-widget-heading\" data-id=\"082e81c\" data-element_type=\"widget\" data-e-type=\"widget\" data-widget_type=\"heading.default\">\n\t\t\t\t<div class=\"elementor-widget-container\">\n\t\t\t\t\t<h2 class=\"elementor-heading-title elementor-size-default\">Locker<\/h2>\t\t\t\t<\/div>\n\t\t\t\t<\/div>\n\t\t\t\t<div class=\"elementor-element elementor-element-8ecab03 elementor-widget elementor-widget-text-editor\" data-id=\"8ecab03\" data-element_type=\"widget\" data-e-type=\"widget\" data-widget_type=\"text-editor.default\">\n\t\t\t\t<div class=\"elementor-widget-container\">\n\t\t\t\t\t\t\t\t\t<p>Casiers publics faciles \u00e0 g\u00e9rer et \u00e0 utiliser gr\u00e2ce \u00e0 DiLo, le bouton num\u00e9rique avec gestion dans le cloud ou gr\u00e2ce aux serrures \u00e9lectroniques de la S\u00e9rie WPAD.<\/p>\t\t\t\t\t\t\t\t<\/div>\n\t\t\t\t<\/div>\n\t\t\t\t<div class=\"elementor-element elementor-element-6f7a4a7 elementor-align-left elementor-widget elementor-widget-button\" data-id=\"6f7a4a7\" data-element_type=\"widget\" data-e-type=\"widget\" data-widget_type=\"button.default\">\n\t\t\t\t<div class=\"elementor-widget-container\">\n\t\t\t\t\t\t\t\t\t<div class=\"elementor-button-wrapper\">\n\t\t\t\t\t<a class=\"elementor-button elementor-button-link elementor-size-sm\" href=\"https:\/\/serraturemeroni.it\/fr\/locker-locks\/\">\n\t\t\t\t\t\t<span class=\"elementor-button-content-wrapper\">\n\t\t\t\t\t\t\t\t\t<span class=\"elementor-button-text\"><span style=\"font-size: 20px;letter-spacing: 0.48px\">En savoir plus<\/span><span style=\"font-size: 20px;letter-spacing: 0.48px\"><\/span><\/span>\n\t\t\t\t\t<\/span>\n\t\t\t\t\t<\/a>\n\t\t\t\t<\/div>\n\t\t\t\t\t\t\t\t<\/div>\n\t\t\t\t<\/div>\n\t\t\t\t<div class=\"elementor-element elementor-element-a8fadc0 elementor-align-left elementor-widget elementor-widget-button\" data-id=\"a8fadc0\" data-element_type=\"widget\" data-e-type=\"widget\" data-widget_type=\"button.default\">\n\t\t\t\t<div class=\"elementor-widget-container\">\n\t\t\t\t\t\t\t\t\t<div class=\"elementor-button-wrapper\">\n\t\t\t\t\t<a class=\"elementor-button elementor-button-link elementor-size-sm\" href=\"https:\/\/youtu.be\/zSGz-JeDKc4\">\n\t\t\t\t\t\t<span class=\"elementor-button-content-wrapper\">\n\t\t\t\t\t\t\t\t\t<span class=\"elementor-button-text\">Regardez la vid\u00e9o<\/span>\n\t\t\t\t\t<\/span>\n\t\t\t\t\t<\/a>\n\t\t\t\t<\/div>\n\t\t\t\t\t\t\t\t<\/div>\n\t\t\t\t<\/div>\n\t\t\t\t\t<\/div>\n\t\t<\/div>\n\t\t\t\t\t<\/div>\n\t\t<\/section>\n\t\t\t\t\t<\/div>\n\t\t<\/div>\n\t\t\t\t\t<\/div>\n\t\t<\/section>\n\t\t\t\t<section data-particle_enable=\"false\" data-particle-mobile-disabled=\"false\" class=\"elementor-section elementor-top-section elementor-element elementor-element-5465583 elementor-section-boxed elementor-section-height-default elementor-section-height-default\" data-id=\"5465583\" data-element_type=\"section\" data-e-type=\"section\" data-settings=\"{&quot;_ha_eqh_enable&quot;:false}\">\n\t\t\t\t\t\t<div class=\"elementor-container elementor-column-gap-default\">\n\t\t\t\t\t<div class=\"elementor-column elementor-col-100 elementor-top-column elementor-element elementor-element-f895a46\" data-id=\"f895a46\" data-element_type=\"column\" data-e-type=\"column\" data-settings=\"{&quot;background_background&quot;:&quot;classic&quot;}\">\n\t\t\t<div class=\"elementor-widget-wrap elementor-element-populated\">\n\t\t\t\t\t\t<section data-particle_enable=\"false\" data-particle-mobile-disabled=\"false\" class=\"elementor-section elementor-inner-section elementor-element elementor-element-9ad5b00 elementor-section-boxed elementor-section-height-default elementor-section-height-default\" data-id=\"9ad5b00\" data-element_type=\"section\" data-e-type=\"section\" data-settings=\"{&quot;background_background&quot;:&quot;gradient&quot;,&quot;_ha_eqh_enable&quot;:false}\">\n\t\t\t\t\t\t<div class=\"elementor-container elementor-column-gap-default\">\n\t\t\t\t\t<div class=\"elementor-column elementor-col-50 elementor-inner-column elementor-element elementor-element-72a9e84\" data-id=\"72a9e84\" data-element_type=\"column\" data-e-type=\"column\">\n\t\t\t<div class=\"elementor-widget-wrap elementor-element-populated\">\n\t\t\t\t\t\t<div class=\"elementor-element elementor-element-1be8a38 elementor-widget elementor-widget-heading\" data-id=\"1be8a38\" data-element_type=\"widget\" data-e-type=\"widget\" data-widget_type=\"heading.default\">\n\t\t\t\t<div class=\"elementor-widget-container\">\n\t\t\t\t\t<h2 class=\"elementor-heading-title elementor-size-default\">Door<\/h2>\t\t\t\t<\/div>\n\t\t\t\t<\/div>\n\t\t\t\t<div class=\"elementor-element elementor-element-d1ea9d3 elementor-widget elementor-widget-text-editor\" data-id=\"d1ea9d3\" data-element_type=\"widget\" data-e-type=\"widget\" data-widget_type=\"text-editor.default\">\n\t\t\t\t<div class=\"elementor-widget-container\">\n\t\t\t\t\t\t\t\t\t<p>Abandonnez les cl\u00e9s et profitez de toutes les possibilit\u00e9s d\u2019une serrure intelligente : g\u00e9rez les acc\u00e8s \u00e0 distance avec l\u2019application AliA sur AirCylinder et Air+ (bient\u00f4t disponible).<\/p>\t\t\t\t\t\t\t\t<\/div>\n\t\t\t\t<\/div>\n\t\t\t\t<div class=\"elementor-element elementor-element-da7d15e elementor-widget elementor-widget-spacer\" data-id=\"da7d15e\" data-element_type=\"widget\" data-e-type=\"widget\" data-widget_type=\"spacer.default\">\n\t\t\t\t<div class=\"elementor-widget-container\">\n\t\t\t\t\t\t\t<div class=\"elementor-spacer\">\n\t\t\t<div class=\"elementor-spacer-inner\"><\/div>\n\t\t<\/div>\n\t\t\t\t\t\t<\/div>\n\t\t\t\t<\/div>\n\t\t\t\t<div class=\"elementor-element elementor-element-7ba7353 elementor-align-left elementor-widget elementor-widget-button\" data-id=\"7ba7353\" data-element_type=\"widget\" data-e-type=\"widget\" data-widget_type=\"button.default\">\n\t\t\t\t<div class=\"elementor-widget-container\">\n\t\t\t\t\t\t\t\t\t<div class=\"elementor-button-wrapper\">\n\t\t\t\t\t<a class=\"elementor-button elementor-button-link elementor-size-sm\" href=\"https:\/\/serraturemeroni.it\/fr\/airdoor\/\">\n\t\t\t\t\t\t<span class=\"elementor-button-content-wrapper\">\n\t\t\t\t\t\t\t\t\t<span class=\"elementor-button-text\">En savoir plus<\/span>\n\t\t\t\t\t<\/span>\n\t\t\t\t\t<\/a>\n\t\t\t\t<\/div>\n\t\t\t\t\t\t\t\t<\/div>\n\t\t\t\t<\/div>\n\t\t\t\t<div class=\"elementor-element elementor-element-426cdfa elementor-align-left elementor-widget elementor-widget-button\" data-id=\"426cdfa\" data-element_type=\"widget\" data-e-type=\"widget\" data-widget_type=\"button.default\">\n\t\t\t\t<div class=\"elementor-widget-container\">\n\t\t\t\t\t\t\t\t\t<div class=\"elementor-button-wrapper\">\n\t\t\t\t\t<a class=\"elementor-button elementor-button-link elementor-size-sm\" href=\"https:\/\/youtu.be\/WIs4NTcwX-o\">\n\t\t\t\t\t\t<span class=\"elementor-button-content-wrapper\">\n\t\t\t\t\t\t\t\t\t<span class=\"elementor-button-text\">Regardez la vid\u00e9o<\/span>\n\t\t\t\t\t<\/span>\n\t\t\t\t\t<\/a>\n\t\t\t\t<\/div>\n\t\t\t\t\t\t\t\t<\/div>\n\t\t\t\t<\/div>\n\t\t\t\t\t<\/div>\n\t\t<\/div>\n\t\t\t\t<div class=\"elementor-column elementor-col-50 elementor-inner-column elementor-element elementor-element-e665bc7\" data-id=\"e665bc7\" data-element_type=\"column\" data-e-type=\"column\">\n\t\t\t<div class=\"elementor-widget-wrap elementor-element-populated\">\n\t\t\t\t\t\t<div class=\"elementor-element elementor-element-208fa7f elementor-widget elementor-widget-image\" data-id=\"208fa7f\" data-element_type=\"widget\" data-e-type=\"widget\" data-widget_type=\"image.default\">\n\t\t\t\t<div class=\"elementor-widget-container\">\n\t\t\t\t\t\t\t\t\t\t\t\t\t\t\t<img decoding=\"async\" width=\"800\" height=\"662\" src=\"https:\/\/serraturemeroni.it\/wp-content\/uploads\/2021\/12\/meroni_tech_2.jpg\" class=\"attachment-large size-large wp-image-4870\" alt=\"\" srcset=\"https:\/\/serraturemeroni.it\/wp-content\/uploads\/2021\/12\/meroni_tech_2.jpg 1000w, https:\/\/serraturemeroni.it\/wp-content\/uploads\/2021\/12\/meroni_tech_2-300x248.jpg 300w, https:\/\/serraturemeroni.it\/wp-content\/uploads\/2021\/12\/meroni_tech_2-768x635.jpg 768w\" sizes=\"(max-width: 800px) 100vw, 800px\" \/>\t\t\t\t\t\t\t\t\t\t\t\t\t\t\t<\/div>\n\t\t\t\t<\/div>\n\t\t\t\t\t<\/div>\n\t\t<\/div>\n\t\t\t\t\t<\/div>\n\t\t<\/section>\n\t\t\t\t\t<\/div>\n\t\t<\/div>\n\t\t\t\t\t<\/div>\n\t\t<\/section>\n\t\t\t\t<\/div>\n\t\t","protected":false},"excerpt":{"rendered":"<p>Meroni TechnologySolutions intelligentes pour la s\u00e9curit\u00e9 de votre maison, bureau et v\u00e9hiculeRegardez la vid\u00e9o Un \u00e9cosyst\u00e8me de produits connect\u00e9s les uns aux autres Locker Casiers publics faciles \u00e0 g\u00e9rer et \u00e0 utiliser gr\u00e2ce \u00e0 DiLo, le bouton num\u00e9rique avec gestion dans le cloud ou gr\u00e2ce aux serrures \u00e9lectroniques de la S\u00e9rie WPAD. En savoir plus [&hellip;]<\/p>\n","protected":false},"author":1,"featured_media":0,"parent":0,"menu_order":0,"comment_status":"closed","ping_status":"closed","template":"","meta":{"_acf_changed":false,"footnotes":""},"class_list":["post-5901","page","type-page","status-publish","hentry"],"acf":[],"yoast_head":"<!-- This site is optimized with the Yoast SEO plugin v27.4 - https:\/\/yoast.com\/product\/yoast-seo-wordpress\/ -->\n<title>Meroni Technology | Serrature Meroni<\/title>\n<meta name=\"description\" content=\"Meroni Technology propose des solutions intelligentes pour la s\u00e9curit\u00e9 de votre maison, bureau et v\u00e9hicule.\" \/>\n<meta name=\"robots\" content=\"index, follow, max-snippet:-1, max-image-preview:large, max-video-preview:-1\" \/>\n<link rel=\"canonical\" href=\"https:\/\/serraturemeroni.it\/fr\/meroni-technology\/\" \/>\n<meta property=\"og:locale\" content=\"fr_FR\" \/>\n<meta property=\"og:type\" content=\"article\" \/>\n<meta property=\"og:title\" content=\"Meroni Technology | Serrature Meroni\" \/>\n<meta property=\"og:description\" content=\"Meroni Technology propose des solutions intelligentes pour la s\u00e9curit\u00e9 de votre maison, bureau et v\u00e9hicule.\" \/>\n<meta property=\"og:url\" content=\"https:\/\/serraturemeroni.it\/fr\/meroni-technology\/\" \/>\n<meta property=\"og:site_name\" content=\"Serrature Meroni\" \/>\n<meta property=\"article:publisher\" content=\"https:\/\/www.facebook.com\/serraturemeroni\/\" \/>\n<meta property=\"article:modified_time\" content=\"2025-03-27T15:30:29+00:00\" \/>\n<meta property=\"og:image\" content=\"https:\/\/serraturemeroni.it\/wp-content\/uploads\/2021\/10\/MOCKUP_scena3-copy-1024x1024.jpg\" \/>\n<meta name=\"twitter:card\" content=\"summary_large_image\" \/>\n<meta name=\"twitter:label1\" content=\"Dur\u00e9e de lecture estim\u00e9e\" \/>\n\t<meta name=\"twitter:data1\" content=\"1 minute\" \/>\n<script type=\"application\/ld+json\" class=\"yoast-schema-graph\">{\"@context\":\"https:\\\/\\\/schema.org\",\"@graph\":[{\"@type\":\"WebPage\",\"@id\":\"https:\\\/\\\/serraturemeroni.it\\\/fr\\\/meroni-technology\\\/\",\"url\":\"https:\\\/\\\/serraturemeroni.it\\\/fr\\\/meroni-technology\\\/\",\"name\":\"Meroni Technology | Serrature Meroni\",\"isPartOf\":{\"@id\":\"https:\\\/\\\/serraturemeroni.it\\\/fr\\\/#website\"},\"primaryImageOfPage\":{\"@id\":\"https:\\\/\\\/serraturemeroni.it\\\/fr\\\/meroni-technology\\\/#primaryimage\"},\"image\":{\"@id\":\"https:\\\/\\\/serraturemeroni.it\\\/fr\\\/meroni-technology\\\/#primaryimage\"},\"thumbnailUrl\":\"https:\\\/\\\/serraturemeroni.it\\\/wp-content\\\/uploads\\\/2021\\\/10\\\/MOCKUP_scena3-copy-1024x1024.jpg\",\"datePublished\":\"2021-12-15T11:41:12+00:00\",\"dateModified\":\"2025-03-27T15:30:29+00:00\",\"description\":\"Meroni Technology propose des solutions intelligentes pour la s\u00e9curit\u00e9 de votre maison, bureau et v\u00e9hicule.\",\"breadcrumb\":{\"@id\":\"https:\\\/\\\/serraturemeroni.it\\\/fr\\\/meroni-technology\\\/#breadcrumb\"},\"inLanguage\":\"fr-FR\",\"potentialAction\":[{\"@type\":\"ReadAction\",\"target\":[\"https:\\\/\\\/serraturemeroni.it\\\/fr\\\/meroni-technology\\\/\"]}]},{\"@type\":\"ImageObject\",\"inLanguage\":\"fr-FR\",\"@id\":\"https:\\\/\\\/serraturemeroni.it\\\/fr\\\/meroni-technology\\\/#primaryimage\",\"url\":\"https:\\\/\\\/serraturemeroni.it\\\/wp-content\\\/uploads\\\/2021\\\/10\\\/MOCKUP_scena3-copy-1024x1024.jpg\",\"contentUrl\":\"https:\\\/\\\/serraturemeroni.it\\\/wp-content\\\/uploads\\\/2021\\\/10\\\/MOCKUP_scena3-copy-1024x1024.jpg\"},{\"@type\":\"BreadcrumbList\",\"@id\":\"https:\\\/\\\/serraturemeroni.it\\\/fr\\\/meroni-technology\\\/#breadcrumb\",\"itemListElement\":[{\"@type\":\"ListItem\",\"position\":1,\"name\":\"Home\",\"item\":\"https:\\\/\\\/serraturemeroni.it\\\/fr\\\/\"},{\"@type\":\"ListItem\",\"position\":2,\"name\":\"Meroni Technology\"}]},{\"@type\":\"WebSite\",\"@id\":\"https:\\\/\\\/serraturemeroni.it\\\/fr\\\/#website\",\"url\":\"https:\\\/\\\/serraturemeroni.it\\\/fr\\\/\",\"name\":\"Serrature Meroni\",\"description\":\"Dal 1945 leader nelle serrature di sicurezza\",\"publisher\":{\"@id\":\"https:\\\/\\\/serraturemeroni.it\\\/fr\\\/#organization\"},\"potentialAction\":[{\"@type\":\"SearchAction\",\"target\":{\"@type\":\"EntryPoint\",\"urlTemplate\":\"https:\\\/\\\/serraturemeroni.it\\\/fr\\\/?s={search_term_string}\"},\"query-input\":{\"@type\":\"PropertyValueSpecification\",\"valueRequired\":true,\"valueName\":\"search_term_string\"}}],\"inLanguage\":\"fr-FR\"},{\"@type\":\"Organization\",\"@id\":\"https:\\\/\\\/serraturemeroni.it\\\/fr\\\/#organization\",\"name\":\"Serrature Meroni\",\"url\":\"https:\\\/\\\/serraturemeroni.it\\\/fr\\\/\",\"logo\":{\"@type\":\"ImageObject\",\"inLanguage\":\"fr-FR\",\"@id\":\"https:\\\/\\\/serraturemeroni.it\\\/fr\\\/#\\\/schema\\\/logo\\\/image\\\/\",\"url\":\"https:\\\/\\\/serraturemeroni.it\\\/wp-content\\\/uploads\\\/2026\\\/02\\\/serrature-meroni-favicon.gif\",\"contentUrl\":\"https:\\\/\\\/serraturemeroni.it\\\/wp-content\\\/uploads\\\/2026\\\/02\\\/serrature-meroni-favicon.gif\",\"width\":512,\"height\":512,\"caption\":\"Serrature Meroni\"},\"image\":{\"@id\":\"https:\\\/\\\/serraturemeroni.it\\\/fr\\\/#\\\/schema\\\/logo\\\/image\\\/\"},\"sameAs\":[\"https:\\\/\\\/www.facebook.com\\\/serraturemeroni\\\/\"]}]}<\/script>\n<!-- \/ Yoast SEO plugin. -->","yoast_head_json":{"title":"Meroni Technology | Serrature Meroni","description":"Meroni Technology propose des solutions intelligentes pour la s\u00e9curit\u00e9 de votre maison, bureau et v\u00e9hicule.","robots":{"index":"index","follow":"follow","max-snippet":"max-snippet:-1","max-image-preview":"max-image-preview:large","max-video-preview":"max-video-preview:-1"},"canonical":"https:\/\/serraturemeroni.it\/fr\/meroni-technology\/","og_locale":"fr_FR","og_type":"article","og_title":"Meroni Technology | Serrature Meroni","og_description":"Meroni Technology propose des solutions intelligentes pour la s\u00e9curit\u00e9 de votre maison, bureau et v\u00e9hicule.","og_url":"https:\/\/serraturemeroni.it\/fr\/meroni-technology\/","og_site_name":"Serrature Meroni","article_publisher":"https:\/\/www.facebook.com\/serraturemeroni\/","article_modified_time":"2025-03-27T15:30:29+00:00","og_image":[{"url":"https:\/\/serraturemeroni.it\/wp-content\/uploads\/2021\/10\/MOCKUP_scena3-copy-1024x1024.jpg","type":"","width":"","height":""}],"twitter_card":"summary_large_image","twitter_misc":{"Dur\u00e9e de lecture estim\u00e9e":"1 minute"},"schema":{"@context":"https:\/\/schema.org","@graph":[{"@type":"WebPage","@id":"https:\/\/serraturemeroni.it\/fr\/meroni-technology\/","url":"https:\/\/serraturemeroni.it\/fr\/meroni-technology\/","name":"Meroni Technology | Serrature Meroni","isPartOf":{"@id":"https:\/\/serraturemeroni.it\/fr\/#website"},"primaryImageOfPage":{"@id":"https:\/\/serraturemeroni.it\/fr\/meroni-technology\/#primaryimage"},"image":{"@id":"https:\/\/serraturemeroni.it\/fr\/meroni-technology\/#primaryimage"},"thumbnailUrl":"https:\/\/serraturemeroni.it\/wp-content\/uploads\/2021\/10\/MOCKUP_scena3-copy-1024x1024.jpg","datePublished":"2021-12-15T11:41:12+00:00","dateModified":"2025-03-27T15:30:29+00:00","description":"Meroni Technology propose des solutions intelligentes pour la s\u00e9curit\u00e9 de votre maison, bureau et v\u00e9hicule.","breadcrumb":{"@id":"https:\/\/serraturemeroni.it\/fr\/meroni-technology\/#breadcrumb"},"inLanguage":"fr-FR","potentialAction":[{"@type":"ReadAction","target":["https:\/\/serraturemeroni.it\/fr\/meroni-technology\/"]}]},{"@type":"ImageObject","inLanguage":"fr-FR","@id":"https:\/\/serraturemeroni.it\/fr\/meroni-technology\/#primaryimage","url":"https:\/\/serraturemeroni.it\/wp-content\/uploads\/2021\/10\/MOCKUP_scena3-copy-1024x1024.jpg","contentUrl":"https:\/\/serraturemeroni.it\/wp-content\/uploads\/2021\/10\/MOCKUP_scena3-copy-1024x1024.jpg"},{"@type":"BreadcrumbList","@id":"https:\/\/serraturemeroni.it\/fr\/meroni-technology\/#breadcrumb","itemListElement":[{"@type":"ListItem","position":1,"name":"Home","item":"https:\/\/serraturemeroni.it\/fr\/"},{"@type":"ListItem","position":2,"name":"Meroni Technology"}]},{"@type":"WebSite","@id":"https:\/\/serraturemeroni.it\/fr\/#website","url":"https:\/\/serraturemeroni.it\/fr\/","name":"Serrature Meroni","description":"Dal 1945 leader nelle serrature di sicurezza","publisher":{"@id":"https:\/\/serraturemeroni.it\/fr\/#organization"},"potentialAction":[{"@type":"SearchAction","target":{"@type":"EntryPoint","urlTemplate":"https:\/\/serraturemeroni.it\/fr\/?s={search_term_string}"},"query-input":{"@type":"PropertyValueSpecification","valueRequired":true,"valueName":"search_term_string"}}],"inLanguage":"fr-FR"},{"@type":"Organization","@id":"https:\/\/serraturemeroni.it\/fr\/#organization","name":"Serrature Meroni","url":"https:\/\/serraturemeroni.it\/fr\/","logo":{"@type":"ImageObject","inLanguage":"fr-FR","@id":"https:\/\/serraturemeroni.it\/fr\/#\/schema\/logo\/image\/","url":"https:\/\/serraturemeroni.it\/wp-content\/uploads\/2026\/02\/serrature-meroni-favicon.gif","contentUrl":"https:\/\/serraturemeroni.it\/wp-content\/uploads\/2026\/02\/serrature-meroni-favicon.gif","width":512,"height":512,"caption":"Serrature Meroni"},"image":{"@id":"https:\/\/serraturemeroni.it\/fr\/#\/schema\/logo\/image\/"},"sameAs":["https:\/\/www.facebook.com\/serraturemeroni\/"]}]}},"_links":{"self":[{"href":"https:\/\/serraturemeroni.it\/fr\/wp-json\/wp\/v2\/pages\/5901","targetHints":{"allow":["GET"]}}],"collection":[{"href":"https:\/\/serraturemeroni.it\/fr\/wp-json\/wp\/v2\/pages"}],"about":[{"href":"https:\/\/serraturemeroni.it\/fr\/wp-json\/wp\/v2\/types\/page"}],"author":[{"embeddable":true,"href":"https:\/\/serraturemeroni.it\/fr\/wp-json\/wp\/v2\/users\/1"}],"replies":[{"embeddable":true,"href":"https:\/\/serraturemeroni.it\/fr\/wp-json\/wp\/v2\/comments?post=5901"}],"version-history":[{"count":16,"href":"https:\/\/serraturemeroni.it\/fr\/wp-json\/wp\/v2\/pages\/5901\/revisions"}],"predecessor-version":[{"id":11005,"href":"https:\/\/serraturemeroni.it\/fr\/wp-json\/wp\/v2\/pages\/5901\/revisions\/11005"}],"wp:attachment":[{"href":"https:\/\/serraturemeroni.it\/fr\/wp-json\/wp\/v2\/media?parent=5901"}],"curies":[{"name":"wp","href":"https:\/\/api.w.org\/{rel}","templated":true}]}}