{"id":10732,"date":"2025-03-06T13:33:28","date_gmt":"2025-03-06T13:33:28","guid":{"rendered":"https:\/\/serraturemeroni.it\/?page_id=10732"},"modified":"2025-03-06T16:15:35","modified_gmt":"2025-03-06T16:15:35","slug":"locker-locks","status":"publish","type":"page","link":"https:\/\/serraturemeroni.it\/fr\/locker-locks\/","title":{"rendered":"Locker Locks"},"content":{"rendered":"\t\t<div data-elementor-type=\"wp-page\" data-elementor-id=\"10732\" class=\"elementor elementor-10732 elementor-10678\" data-elementor-settings=\"{&quot;ha_cmc_init_switcher&quot;:&quot;no&quot;}\" data-elementor-post-type=\"page\">\n\t\t\t\t\t\t<section data-particle_enable=\"false\" data-particle-mobile-disabled=\"false\" class=\"elementor-section elementor-top-section elementor-element elementor-element-fa0a164 elementor-section-boxed elementor-section-height-default elementor-section-height-default\" data-id=\"fa0a164\" data-element_type=\"section\" data-e-type=\"section\" data-settings=\"{&quot;_ha_eqh_enable&quot;:false}\">\n\t\t\t\t\t\t<div class=\"elementor-container elementor-column-gap-default\">\n\t\t\t\t\t<div class=\"elementor-column elementor-col-100 elementor-top-column elementor-element elementor-element-52b1404\" data-id=\"52b1404\" data-element_type=\"column\" data-e-type=\"column\">\n\t\t\t<div class=\"elementor-widget-wrap elementor-element-populated\">\n\t\t\t\t\t\t<div class=\"elementor-element elementor-element-c82ae34 elementor-widget elementor-widget-spacer\" data-id=\"c82ae34\" data-element_type=\"widget\" data-e-type=\"widget\" data-widget_type=\"spacer.default\">\n\t\t\t\t<div class=\"elementor-widget-container\">\n\t\t\t\t\t\t\t<div class=\"elementor-spacer\">\n\t\t\t<div class=\"elementor-spacer-inner\"><\/div>\n\t\t<\/div>\n\t\t\t\t\t\t<\/div>\n\t\t\t\t<\/div>\n\t\t\t\t<div class=\"elementor-element elementor-element-9a94a86 elementor-widget elementor-widget-heading\" data-id=\"9a94a86\" data-element_type=\"widget\" data-e-type=\"widget\" data-widget_type=\"heading.default\">\n\t\t\t\t<div class=\"elementor-widget-container\">\n\t\t\t\t\t<h2 class=\"elementor-heading-title elementor-size-default\"><article dir=\"auto\" data-testid=\"conversation-turn-11\" data-scroll-anchor=\"true\"><div><div><div><div><div><div data-message-author-role=\"assistant\" data-message-id=\"cbf117fe-445f-474e-9fff-5afe2a6ec30d\" dir=\"auto\" data-message-model-slug=\"o1-preview\"><div><div><p data-start=\"0\" data-end=\"21\" data-is-last-node=\"\" data-is-only-node=\"\">Serrures pour casiers<span style=\"font-family: Raleway, Raleway, sans-serif;font-size: 2rem;letter-spacing: 0.03em\"><\/span><\/p><\/div><\/div><\/div><\/div><\/div><\/div><\/div><\/div><\/article><\/h2>\t\t\t\t<\/div>\n\t\t\t\t<\/div>\n\t\t\t\t<div class=\"elementor-element elementor-element-aaaa2ed elementor-skin-coverflow elementor-arrows-yes elementor-pagination-type-bullets elementor-pagination-position-outside elementor-widget elementor-widget-media-carousel\" data-id=\"aaaa2ed\" data-element_type=\"widget\" data-e-type=\"widget\" data-settings=\"{&quot;skin&quot;:&quot;coverflow&quot;,&quot;slides_per_view&quot;:&quot;3&quot;,&quot;show_arrows&quot;:&quot;yes&quot;,&quot;pagination&quot;:&quot;bullets&quot;,&quot;speed&quot;:500,&quot;autoplay&quot;:&quot;yes&quot;,&quot;autoplay_speed&quot;:5000,&quot;loop&quot;:&quot;yes&quot;,&quot;pause_on_hover&quot;:&quot;yes&quot;,&quot;pause_on_interaction&quot;:&quot;yes&quot;,&quot;space_between&quot;:{&quot;unit&quot;:&quot;px&quot;,&quot;size&quot;:10,&quot;sizes&quot;:[]},&quot;space_between_tablet&quot;:{&quot;unit&quot;:&quot;px&quot;,&quot;size&quot;:10,&quot;sizes&quot;:[]},&quot;space_between_mobile&quot;:{&quot;unit&quot;:&quot;px&quot;,&quot;size&quot;:10,&quot;sizes&quot;:[]}}\" data-widget_type=\"media-carousel.default\">\n\t\t\t\t<div class=\"elementor-widget-container\">\n\t\t\t\t\t\t\t\t\t<div class=\"elementor-swiper\">\n\t\t\t\t\t<div class=\"elementor-main-swiper swiper\" role=\"region\" aria-roledescription=\"carousel\" aria-label=\"Diapositives\">\n\t\t\t\t<div class=\"swiper-wrapper\">\n\t\t\t\t\t\t\t\t\t\t\t<div class=\"swiper-slide\" role=\"group\" aria-roledescription=\"slide\">\n\t\t\t\t\t\t\t<a href=\"https:\/\/serraturemeroni.it\/fr\/dilo\/\">\t\t<div class=\"elementor-carousel-image\" role=\"img\" aria-label=\"meroni_tech_2023\" style=\"background-image: url(&#039;https:\/\/serraturemeroni.it\/wp-content\/uploads\/2023\/05\/meroni_tech_2023.jpg&#039;)\">\n\n\t\t\t\n\t\t\t\t\t<\/div>\n\t\t<\/a>\t\t\t\t\t\t<\/div>\n\t\t\t\t\t\t\t\t\t\t\t<div class=\"swiper-slide\" role=\"group\" aria-roledescription=\"slide\">\n\t\t\t\t\t\t\t<a href=\"https:\/\/serraturemeroni.it\/fr\/serrures\/anta-serrature-elettriche-fr\/w-pad-rfid-ef35\/\">\t\t<div class=\"elementor-carousel-image\" role=\"img\" aria-label=\"WPAD Cubo\" style=\"background-image: url(&#039;https:\/\/serraturemeroni.it\/wp-content\/uploads\/2025\/03\/WPAD-Cubo.png&#039;)\">\n\n\t\t\t\n\t\t\t\t\t<\/div>\n\t\t<\/a>\t\t\t\t\t\t<\/div>\n\t\t\t\t\t\t\t\t\t\t\t<div class=\"swiper-slide\" role=\"group\" aria-roledescription=\"slide\">\n\t\t\t\t\t\t\t<a href=\"https:\/\/serraturemeroni.it\/fr\/serrures\/anta-serrature-elettriche-fr\/wpad-slim\/\">\t\t<div class=\"elementor-carousel-image\" role=\"img\" aria-label=\"Keypad_lock2_WPADslim\" style=\"background-image: url(&#039;https:\/\/serraturemeroni.it\/wp-content\/uploads\/2024\/10\/Keypad_lock2_WPADslim.png&#039;)\">\n\n\t\t\t\n\t\t\t\t\t<\/div>\n\t\t<\/a>\t\t\t\t\t\t<\/div>\n\t\t\t\t\t\t\t\t\t\t\t<div class=\"swiper-slide\" role=\"group\" aria-roledescription=\"slide\">\n\t\t\t\t\t\t\t\t\t<div class=\"elementor-carousel-image\" role=\"img\" aria-label=\"WPADmini_07\" style=\"background-image: url(&#039;https:\/\/serraturemeroni.it\/wp-content\/uploads\/2025\/03\/WPADmini_07-e1741191854109.png&#039;)\">\n\n\t\t\t\n\t\t\t\t\t<\/div>\n\t\t\t\t\t\t\t\t<\/div>\n\t\t\t\t\t\t\t\t\t\t\t<div class=\"swiper-slide\" role=\"group\" aria-roledescription=\"slide\">\n\t\t\t\t\t\t\t\t\t<div class=\"elementor-carousel-image\" role=\"img\" aria-label=\"2\" style=\"background-image: url(&#039;https:\/\/serraturemeroni.it\/wp-content\/uploads\/2025\/03\/2.jpg&#039;)\">\n\n\t\t\t\n\t\t\t\t\t<\/div>\n\t\t\t\t\t\t\t\t<\/div>\n\t\t\t\t\t\t\t\t\t\t\t<div class=\"swiper-slide\" role=\"group\" aria-roledescription=\"slide\">\n\t\t\t\t\t\t\t<a href=\"https:\/\/serraturemeroni.it\/fr\/serrures\/anta-fr\/1051\/\">\t\t<div class=\"elementor-carousel-image\" role=\"img\" aria-label=\"1051U_Meroni_NE_background\" style=\"background-image: url(&#039;https:\/\/serraturemeroni.it\/wp-content\/uploads\/2025\/03\/1051U_Meroni_NE_background-scaled.jpg&#039;)\">\n\n\t\t\t\n\t\t\t\t\t<\/div>\n\t\t<\/a>\t\t\t\t\t\t<\/div>\n\t\t\t\t\t\t\t\t\t<\/div>\n\t\t\t\t\t\t\t\t\t\t\t\t\t\t\t<div class=\"elementor-swiper-button elementor-swiper-button-prev\" role=\"button\" tabindex=\"0\" aria-label=\"Pr\u00e9c\u00e9dent\">\n\t\t\t\t\t\t\t<i aria-hidden=\"true\" class=\"eicon-chevron-left\"><\/i>\t\t\t\t\t\t<\/div>\n\t\t\t\t\t\t<div class=\"elementor-swiper-button elementor-swiper-button-next\" role=\"button\" tabindex=\"0\" aria-label=\"Suivant\">\n\t\t\t\t\t\t\t<i aria-hidden=\"true\" class=\"eicon-chevron-right\"><\/i>\t\t\t\t\t\t<\/div>\n\t\t\t\t\t\t\t\t\t\t\t\t\t\t\t\t<div class=\"swiper-pagination\"><\/div>\n\t\t\t\t\t\t\t\t\t\t\t\t<\/div>\n\t\t\t\t<\/div>\n\t\t\t\t\t\t\t\t<\/div>\n\t\t\t\t<\/div>\n\t\t\t\t<div class=\"elementor-element elementor-element-64632b3 elementor-widget elementor-widget-text-editor\" data-id=\"64632b3\" data-element_type=\"widget\" data-e-type=\"widget\" data-widget_type=\"text-editor.default\">\n\t\t\t\t<div class=\"elementor-widget-container\">\n\t\t\t\t\t\t\t\t\t<p>D\u00e9couvrez la <b>polyvalence <\/b>et <b>l\u2019innovation <\/b>des solutions Serrature Meroni d\u00e9di\u00e9es \u00e0 la s\u00e9curit\u00e9 des <b>casiers <\/b>et du <b>mobilier<\/b>, aussi bien pour le <b>bureau <\/b>que pour d\u2019autres environnements. Des serrures m\u00e9caniques aux mod\u00e8les <b>\u00e9lectroniques <\/b>et <b>intelligents<\/b>, la gamme offre des technologies de pointe et un design fonctionnel. Choisissez la solution id\u00e9ale et personnalisez la protection de vos espaces.<\/p>\t\t\t\t\t\t\t\t<\/div>\n\t\t\t\t<\/div>\n\t\t\t\t\t<\/div>\n\t\t<\/div>\n\t\t\t\t\t<\/div>\n\t\t<\/section>\n\t\t\t\t<section data-particle_enable=\"false\" data-particle-mobile-disabled=\"false\" class=\"elementor-section elementor-top-section elementor-element elementor-element-707fe1d elementor-section-boxed elementor-section-height-default elementor-section-height-default\" data-id=\"707fe1d\" data-element_type=\"section\" data-e-type=\"section\" data-settings=\"{&quot;_ha_eqh_enable&quot;:false}\">\n\t\t\t\t\t\t<div class=\"elementor-container elementor-column-gap-default\">\n\t\t\t\t\t<div class=\"elementor-column elementor-col-33 elementor-top-column elementor-element elementor-element-fb7e500\" data-id=\"fb7e500\" data-element_type=\"column\" data-e-type=\"column\">\n\t\t\t<div class=\"elementor-widget-wrap elementor-element-populated\">\n\t\t\t\t\t\t<div class=\"elementor-element elementor-element-c87d68f elementor-widget elementor-widget-text-editor\" data-id=\"c87d68f\" data-element_type=\"widget\" data-e-type=\"widget\" data-widget_type=\"text-editor.default\">\n\t\t\t\t<div class=\"elementor-widget-container\">\n\t\t\t\t\t\t\t\t\t<h4>DiLo<\/h4>\t\t\t\t\t\t\t\t<\/div>\n\t\t\t\t<\/div>\n\t\t\t\t<div class=\"elementor-element elementor-element-fe66ae7 elementor-widget elementor-widget-text-editor\" data-id=\"fe66ae7\" data-element_type=\"widget\" data-e-type=\"widget\" data-widget_type=\"text-editor.default\">\n\t\t\t\t<div class=\"elementor-widget-container\">\n\t\t\t\t\t\t\t\t\t<p>DiLo est la <b>serrure intelligente<\/b> qui allie s\u00e9curit\u00e9 et praticit\u00e9. Le <b>contr\u00f4le d\u2019acc\u00e8s<\/b> s\u2019effectue via l\u2019<b>appli AliA<\/b>, ce qui facilite la gestion des autorisations et des utilisations.<br data-start=\"186\" data-end=\"189\" \/>Parfait pour ceux qui recherchent un syst\u00e8me \u00e9volu\u00e9, personnalisable et toujours connect\u00e9.<br \/><br \/><\/p>\t\t\t\t\t\t\t\t<\/div>\n\t\t\t\t<\/div>\n\t\t\t\t<div class=\"elementor-element elementor-element-fe0a015 elementor-align-center elementor-widget elementor-widget-button\" data-id=\"fe0a015\" data-element_type=\"widget\" data-e-type=\"widget\" data-widget_type=\"button.default\">\n\t\t\t\t<div class=\"elementor-widget-container\">\n\t\t\t\t\t\t\t\t\t<div class=\"elementor-button-wrapper\">\n\t\t\t\t\t<a class=\"elementor-button elementor-button-link elementor-size-sm\" href=\"https:\/\/serraturemeroni.it\/wp-content\/uploads\/2022\/04\/DiLo_Smart_Lock_online.pdf\">\n\t\t\t\t\t\t<span class=\"elementor-button-content-wrapper\">\n\t\t\t\t\t\t\t\t\t<span class=\"elementor-button-text\">Feuilletez le catalogue<\/span>\n\t\t\t\t\t<\/span>\n\t\t\t\t\t<\/a>\n\t\t\t\t<\/div>\n\t\t\t\t\t\t\t\t<\/div>\n\t\t\t\t<\/div>\n\t\t\t\t\t<\/div>\n\t\t<\/div>\n\t\t\t\t<div class=\"elementor-column elementor-col-33 elementor-top-column elementor-element elementor-element-e74bd2e\" data-id=\"e74bd2e\" data-element_type=\"column\" data-e-type=\"column\">\n\t\t\t<div class=\"elementor-widget-wrap elementor-element-populated\">\n\t\t\t\t\t\t<div class=\"elementor-element elementor-element-3872987 elementor-widget elementor-widget-text-editor\" data-id=\"3872987\" data-element_type=\"widget\" data-e-type=\"widget\" data-widget_type=\"text-editor.default\">\n\t\t\t\t<div class=\"elementor-widget-container\">\n\t\t\t\t\t\t\t\t\t<h4>S\u00e9rie WPAD et WiRe<\/h4>\t\t\t\t\t\t\t\t<\/div>\n\t\t\t\t<\/div>\n\t\t\t\t<div class=\"elementor-element elementor-element-9f4ff6c elementor-widget elementor-widget-text-editor\" data-id=\"9f4ff6c\" data-element_type=\"widget\" data-e-type=\"widget\" data-widget_type=\"text-editor.default\">\n\t\t\t\t<div class=\"elementor-widget-container\">\n\t\t\t\t\t\t\t\t\t<p>La <b>S\u00e9rie WPAD<\/b> est une gamme de serrures dot\u00e9es d\u2019un clavier num\u00e9rique ou escamotable. Aliment\u00e9es par batterie, elles garantissent une grande praticit\u00e9 et une installation simple.<br data-start=\"178\" data-end=\"181\" \/>Le syst\u00e8me <b>WiRe <\/b>assure un contr\u00f4le d\u2019acc\u00e8s filaire pour des besoins de s\u00e9curit\u00e9 avanc\u00e9s.<br \/><br \/><\/p>\t\t\t\t\t\t\t\t<\/div>\n\t\t\t\t<\/div>\n\t\t\t\t<div class=\"elementor-element elementor-element-4a071b3 elementor-align-center elementor-widget elementor-widget-button\" data-id=\"4a071b3\" data-element_type=\"widget\" data-e-type=\"widget\" data-widget_type=\"button.default\">\n\t\t\t\t<div class=\"elementor-widget-container\">\n\t\t\t\t\t\t\t\t\t<div class=\"elementor-button-wrapper\">\n\t\t\t\t\t<a class=\"elementor-button elementor-button-link elementor-size-sm\" href=\"https:\/\/serraturemeroni.it\/wp-content\/uploads\/2025\/03\/20241002_BR-W-series_FRA_A5_ver2_new.pdf\">\n\t\t\t\t\t\t<span class=\"elementor-button-content-wrapper\">\n\t\t\t\t\t\t\t\t\t<span class=\"elementor-button-text\">Consultez la brochure<\/span>\n\t\t\t\t\t<\/span>\n\t\t\t\t\t<\/a>\n\t\t\t\t<\/div>\n\t\t\t\t\t\t\t\t<\/div>\n\t\t\t\t<\/div>\n\t\t\t\t\t<\/div>\n\t\t<\/div>\n\t\t\t\t<div class=\"elementor-column elementor-col-33 elementor-top-column elementor-element elementor-element-3394aee\" data-id=\"3394aee\" data-element_type=\"column\" data-e-type=\"column\">\n\t\t\t<div class=\"elementor-widget-wrap elementor-element-populated\">\n\t\t\t\t\t\t<div class=\"elementor-element elementor-element-dd59535 elementor-widget elementor-widget-text-editor\" data-id=\"dd59535\" data-element_type=\"widget\" data-e-type=\"widget\" data-widget_type=\"text-editor.default\">\n\t\t\t\t<div class=\"elementor-widget-container\">\n\t\t\t\t\t\t\t\t\t<h4>S\u00e9rie 10U<\/h4>\t\t\t\t\t\t\t\t<\/div>\n\t\t\t\t<\/div>\n\t\t\t\t<div class=\"elementor-element elementor-element-22e46cf elementor-widget elementor-widget-text-editor\" data-id=\"22e46cf\" data-element_type=\"widget\" data-e-type=\"widget\" data-widget_type=\"text-editor.default\">\n\t\t\t\t<div class=\"elementor-widget-container\">\n\t\t\t\t\t\t\t\t\t<p>Les serrures \u00e0 combinaison m\u00e9canique, comme le mod\u00e8le <b>S10U<\/b>, sont des solutions robustes et durables. Id\u00e9ales pour ceux qui privil\u00e9gient la fiabilit\u00e9 d\u2019un syst\u00e8me traditionnel, sans alimentation \u00e9lectrique. 1051U convient \u00e0 une utilisation sur des portes, tandis que 1033U est la solution pour la fermeture multiple.<\/p>\t\t\t\t\t\t\t\t<\/div>\n\t\t\t\t<\/div>\n\t\t\t\t<div class=\"elementor-element elementor-element-f654174 elementor-align-center elementor-widget elementor-widget-button\" data-id=\"f654174\" data-element_type=\"widget\" data-e-type=\"widget\" data-widget_type=\"button.default\">\n\t\t\t\t<div class=\"elementor-widget-container\">\n\t\t\t\t\t\t\t\t\t<div class=\"elementor-button-wrapper\">\n\t\t\t\t\t<a class=\"elementor-button elementor-button-link elementor-size-sm\" href=\"https:\/\/serraturemeroni.it\/wp-content\/uploads\/2025\/03\/202402_BR_Serie10U_FR.pdf\">\n\t\t\t\t\t\t<span class=\"elementor-button-content-wrapper\">\n\t\t\t\t\t\t\t\t\t<span class=\"elementor-button-text\">Consultez les fiches techniques<\/span>\n\t\t\t\t\t<\/span>\n\t\t\t\t\t<\/a>\n\t\t\t\t<\/div>\n\t\t\t\t\t\t\t\t<\/div>\n\t\t\t\t<\/div>\n\t\t\t\t\t<\/div>\n\t\t<\/div>\n\t\t\t\t\t<\/div>\n\t\t<\/section>\n\t\t\t\t<section data-particle_enable=\"false\" data-particle-mobile-disabled=\"false\" class=\"elementor-section elementor-top-section elementor-element elementor-element-8135162 elementor-section-boxed elementor-section-height-default elementor-section-height-default\" data-id=\"8135162\" data-element_type=\"section\" data-e-type=\"section\" data-settings=\"{&quot;_ha_eqh_enable&quot;:false}\">\n\t\t\t\t\t\t<div class=\"elementor-container elementor-column-gap-default\">\n\t\t\t\t\t<div class=\"elementor-column elementor-col-100 elementor-top-column elementor-element elementor-element-c8afc51\" data-id=\"c8afc51\" data-element_type=\"column\" data-e-type=\"column\">\n\t\t\t<div class=\"elementor-widget-wrap elementor-element-populated\">\n\t\t\t\t\t\t<div class=\"elementor-element elementor-element-4935395 elementor-widget elementor-widget-spacer\" data-id=\"4935395\" data-element_type=\"widget\" data-e-type=\"widget\" data-widget_type=\"spacer.default\">\n\t\t\t\t<div class=\"elementor-widget-container\">\n\t\t\t\t\t\t\t<div class=\"elementor-spacer\">\n\t\t\t<div class=\"elementor-spacer-inner\"><\/div>\n\t\t<\/div>\n\t\t\t\t\t\t<\/div>\n\t\t\t\t<\/div>\n\t\t\t\t\t<\/div>\n\t\t<\/div>\n\t\t\t\t\t<\/div>\n\t\t<\/section>\n\t\t\t\t<\/div>\n\t\t","protected":false},"excerpt":{"rendered":"<p>Serrures pour casiers Precedente Successivo D\u00e9couvrez la polyvalence et l\u2019innovation des solutions Serrature Meroni d\u00e9di\u00e9es \u00e0 la s\u00e9curit\u00e9 des casiers et du mobilier, aussi bien pour le bureau que pour d\u2019autres environnements. Des serrures m\u00e9caniques aux mod\u00e8les \u00e9lectroniques et intelligents, la gamme offre des technologies de pointe et un design fonctionnel. Choisissez la solution id\u00e9ale [&hellip;]<\/p>\n","protected":false},"author":4,"featured_media":0,"parent":0,"menu_order":0,"comment_status":"closed","ping_status":"closed","template":"elementor_header_footer","meta":{"_acf_changed":false,"footnotes":""},"class_list":["post-10732","page","type-page","status-publish","hentry"],"acf":[],"yoast_head":"<!-- This site is optimized with the Yoast SEO plugin v27.4 - https:\/\/yoast.com\/product\/yoast-seo-wordpress\/ -->\n<title>Locker Locks | Serrature Meroni<\/title>\n<meta name=\"description\" content=\"D\u00e9couvrez la polyvalence et l\u2019innovation des solutions d\u00e9di\u00e9es \u00e0 la s\u00e9curit\u00e9 des casiers et du mobilier, aussi bien pour le bureau que pour d\u2019autres environnements. Des serrures m\u00e9caniques aux mod\u00e8les \u00e9lectroniques et intelligents, la gamme offre des technologies de pointe et un design fonctionnel.\" \/>\n<meta name=\"robots\" content=\"noindex, nofollow\" \/>\n<meta property=\"og:locale\" content=\"fr_FR\" \/>\n<meta property=\"og:type\" content=\"article\" \/>\n<meta property=\"og:title\" content=\"Locker Locks | Serrature Meroni\" \/>\n<meta property=\"og:description\" content=\"D\u00e9couvrez la polyvalence et l\u2019innovation des solutions d\u00e9di\u00e9es \u00e0 la s\u00e9curit\u00e9 des casiers et du mobilier, aussi bien pour le bureau que pour d\u2019autres environnements. Des serrures m\u00e9caniques aux mod\u00e8les \u00e9lectroniques et intelligents, la gamme offre des technologies de pointe et un design fonctionnel.\" \/>\n<meta property=\"og:url\" content=\"https:\/\/serraturemeroni.it\/fr\/locker-locks\/\" \/>\n<meta property=\"og:site_name\" content=\"Serrature Meroni\" \/>\n<meta property=\"article:publisher\" content=\"https:\/\/www.facebook.com\/serraturemeroni\/\" \/>\n<meta property=\"article:modified_time\" content=\"2025-03-06T16:15:35+00:00\" \/>\n<meta name=\"twitter:card\" content=\"summary_large_image\" \/>\n<meta name=\"twitter:label1\" content=\"Dur\u00e9e de lecture estim\u00e9e\" \/>\n\t<meta name=\"twitter:data1\" content=\"2 minutes\" \/>\n<script type=\"application\/ld+json\" class=\"yoast-schema-graph\">{\"@context\":\"https:\\\/\\\/schema.org\",\"@graph\":[{\"@type\":\"WebPage\",\"@id\":\"https:\\\/\\\/serraturemeroni.it\\\/fr\\\/locker-locks\\\/\",\"url\":\"https:\\\/\\\/serraturemeroni.it\\\/fr\\\/locker-locks\\\/\",\"name\":\"Locker Locks | Serrature Meroni\",\"isPartOf\":{\"@id\":\"https:\\\/\\\/serraturemeroni.it\\\/fr\\\/#website\"},\"datePublished\":\"2025-03-06T13:33:28+00:00\",\"dateModified\":\"2025-03-06T16:15:35+00:00\",\"description\":\"D\u00e9couvrez la polyvalence et l\u2019innovation des solutions d\u00e9di\u00e9es \u00e0 la s\u00e9curit\u00e9 des casiers et du mobilier, aussi bien pour le bureau que pour d\u2019autres environnements. Des serrures m\u00e9caniques aux mod\u00e8les \u00e9lectroniques et intelligents, la gamme offre des technologies de pointe et un design fonctionnel.\",\"breadcrumb\":{\"@id\":\"https:\\\/\\\/serraturemeroni.it\\\/fr\\\/locker-locks\\\/#breadcrumb\"},\"inLanguage\":\"fr-FR\",\"potentialAction\":[{\"@type\":\"ReadAction\",\"target\":[\"https:\\\/\\\/serraturemeroni.it\\\/fr\\\/locker-locks\\\/\"]}]},{\"@type\":\"BreadcrumbList\",\"@id\":\"https:\\\/\\\/serraturemeroni.it\\\/fr\\\/locker-locks\\\/#breadcrumb\",\"itemListElement\":[{\"@type\":\"ListItem\",\"position\":1,\"name\":\"Home\",\"item\":\"https:\\\/\\\/serraturemeroni.it\\\/fr\\\/\"},{\"@type\":\"ListItem\",\"position\":2,\"name\":\"Locker Locks\"}]},{\"@type\":\"WebSite\",\"@id\":\"https:\\\/\\\/serraturemeroni.it\\\/fr\\\/#website\",\"url\":\"https:\\\/\\\/serraturemeroni.it\\\/fr\\\/\",\"name\":\"Serrature Meroni\",\"description\":\"Dal 1945 leader nelle serrature di sicurezza\",\"publisher\":{\"@id\":\"https:\\\/\\\/serraturemeroni.it\\\/fr\\\/#organization\"},\"potentialAction\":[{\"@type\":\"SearchAction\",\"target\":{\"@type\":\"EntryPoint\",\"urlTemplate\":\"https:\\\/\\\/serraturemeroni.it\\\/fr\\\/?s={search_term_string}\"},\"query-input\":{\"@type\":\"PropertyValueSpecification\",\"valueRequired\":true,\"valueName\":\"search_term_string\"}}],\"inLanguage\":\"fr-FR\"},{\"@type\":\"Organization\",\"@id\":\"https:\\\/\\\/serraturemeroni.it\\\/fr\\\/#organization\",\"name\":\"Serrature Meroni\",\"url\":\"https:\\\/\\\/serraturemeroni.it\\\/fr\\\/\",\"logo\":{\"@type\":\"ImageObject\",\"inLanguage\":\"fr-FR\",\"@id\":\"https:\\\/\\\/serraturemeroni.it\\\/fr\\\/#\\\/schema\\\/logo\\\/image\\\/\",\"url\":\"https:\\\/\\\/serraturemeroni.it\\\/wp-content\\\/uploads\\\/2026\\\/02\\\/serrature-meroni-favicon.gif\",\"contentUrl\":\"https:\\\/\\\/serraturemeroni.it\\\/wp-content\\\/uploads\\\/2026\\\/02\\\/serrature-meroni-favicon.gif\",\"width\":512,\"height\":512,\"caption\":\"Serrature Meroni\"},\"image\":{\"@id\":\"https:\\\/\\\/serraturemeroni.it\\\/fr\\\/#\\\/schema\\\/logo\\\/image\\\/\"},\"sameAs\":[\"https:\\\/\\\/www.facebook.com\\\/serraturemeroni\\\/\"]}]}<\/script>\n<!-- \/ Yoast SEO plugin. -->","yoast_head_json":{"title":"Locker Locks | Serrature Meroni","description":"D\u00e9couvrez la polyvalence et l\u2019innovation des solutions d\u00e9di\u00e9es \u00e0 la s\u00e9curit\u00e9 des casiers et du mobilier, aussi bien pour le bureau que pour d\u2019autres environnements. Des serrures m\u00e9caniques aux mod\u00e8les \u00e9lectroniques et intelligents, la gamme offre des technologies de pointe et un design fonctionnel.","robots":{"index":"noindex","follow":"nofollow"},"og_locale":"fr_FR","og_type":"article","og_title":"Locker Locks | Serrature Meroni","og_description":"D\u00e9couvrez la polyvalence et l\u2019innovation des solutions d\u00e9di\u00e9es \u00e0 la s\u00e9curit\u00e9 des casiers et du mobilier, aussi bien pour le bureau que pour d\u2019autres environnements. Des serrures m\u00e9caniques aux mod\u00e8les \u00e9lectroniques et intelligents, la gamme offre des technologies de pointe et un design fonctionnel.","og_url":"https:\/\/serraturemeroni.it\/fr\/locker-locks\/","og_site_name":"Serrature Meroni","article_publisher":"https:\/\/www.facebook.com\/serraturemeroni\/","article_modified_time":"2025-03-06T16:15:35+00:00","twitter_card":"summary_large_image","twitter_misc":{"Dur\u00e9e de lecture estim\u00e9e":"2 minutes"},"schema":{"@context":"https:\/\/schema.org","@graph":[{"@type":"WebPage","@id":"https:\/\/serraturemeroni.it\/fr\/locker-locks\/","url":"https:\/\/serraturemeroni.it\/fr\/locker-locks\/","name":"Locker Locks | Serrature Meroni","isPartOf":{"@id":"https:\/\/serraturemeroni.it\/fr\/#website"},"datePublished":"2025-03-06T13:33:28+00:00","dateModified":"2025-03-06T16:15:35+00:00","description":"D\u00e9couvrez la polyvalence et l\u2019innovation des solutions d\u00e9di\u00e9es \u00e0 la s\u00e9curit\u00e9 des casiers et du mobilier, aussi bien pour le bureau que pour d\u2019autres environnements. Des serrures m\u00e9caniques aux mod\u00e8les \u00e9lectroniques et intelligents, la gamme offre des technologies de pointe et un design fonctionnel.","breadcrumb":{"@id":"https:\/\/serraturemeroni.it\/fr\/locker-locks\/#breadcrumb"},"inLanguage":"fr-FR","potentialAction":[{"@type":"ReadAction","target":["https:\/\/serraturemeroni.it\/fr\/locker-locks\/"]}]},{"@type":"BreadcrumbList","@id":"https:\/\/serraturemeroni.it\/fr\/locker-locks\/#breadcrumb","itemListElement":[{"@type":"ListItem","position":1,"name":"Home","item":"https:\/\/serraturemeroni.it\/fr\/"},{"@type":"ListItem","position":2,"name":"Locker Locks"}]},{"@type":"WebSite","@id":"https:\/\/serraturemeroni.it\/fr\/#website","url":"https:\/\/serraturemeroni.it\/fr\/","name":"Serrature Meroni","description":"Dal 1945 leader nelle serrature di sicurezza","publisher":{"@id":"https:\/\/serraturemeroni.it\/fr\/#organization"},"potentialAction":[{"@type":"SearchAction","target":{"@type":"EntryPoint","urlTemplate":"https:\/\/serraturemeroni.it\/fr\/?s={search_term_string}"},"query-input":{"@type":"PropertyValueSpecification","valueRequired":true,"valueName":"search_term_string"}}],"inLanguage":"fr-FR"},{"@type":"Organization","@id":"https:\/\/serraturemeroni.it\/fr\/#organization","name":"Serrature Meroni","url":"https:\/\/serraturemeroni.it\/fr\/","logo":{"@type":"ImageObject","inLanguage":"fr-FR","@id":"https:\/\/serraturemeroni.it\/fr\/#\/schema\/logo\/image\/","url":"https:\/\/serraturemeroni.it\/wp-content\/uploads\/2026\/02\/serrature-meroni-favicon.gif","contentUrl":"https:\/\/serraturemeroni.it\/wp-content\/uploads\/2026\/02\/serrature-meroni-favicon.gif","width":512,"height":512,"caption":"Serrature Meroni"},"image":{"@id":"https:\/\/serraturemeroni.it\/fr\/#\/schema\/logo\/image\/"},"sameAs":["https:\/\/www.facebook.com\/serraturemeroni\/"]}]}},"_links":{"self":[{"href":"https:\/\/serraturemeroni.it\/fr\/wp-json\/wp\/v2\/pages\/10732","targetHints":{"allow":["GET"]}}],"collection":[{"href":"https:\/\/serraturemeroni.it\/fr\/wp-json\/wp\/v2\/pages"}],"about":[{"href":"https:\/\/serraturemeroni.it\/fr\/wp-json\/wp\/v2\/types\/page"}],"author":[{"embeddable":true,"href":"https:\/\/serraturemeroni.it\/fr\/wp-json\/wp\/v2\/users\/4"}],"replies":[{"embeddable":true,"href":"https:\/\/serraturemeroni.it\/fr\/wp-json\/wp\/v2\/comments?post=10732"}],"version-history":[{"count":11,"href":"https:\/\/serraturemeroni.it\/fr\/wp-json\/wp\/v2\/pages\/10732\/revisions"}],"predecessor-version":[{"id":10753,"href":"https:\/\/serraturemeroni.it\/fr\/wp-json\/wp\/v2\/pages\/10732\/revisions\/10753"}],"wp:attachment":[{"href":"https:\/\/serraturemeroni.it\/fr\/wp-json\/wp\/v2\/media?parent=10732"}],"curies":[{"name":"wp","href":"https:\/\/api.w.org\/{rel}","templated":true}]}}