{"id":6852,"date":"2021-10-18T13:20:31","date_gmt":"2021-10-18T13:20:31","guid":{"rendered":"https:\/\/serraturemeroni.it\/contatti\/"},"modified":"2026-02-20T10:30:53","modified_gmt":"2026-02-20T10:30:53","slug":"contactos","status":"publish","type":"page","link":"https:\/\/serraturemeroni.it\/es\/contactos\/","title":{"rendered":"Contactos"},"content":{"rendered":"\t\t<div data-elementor-type=\"wp-page\" data-elementor-id=\"6852\" class=\"elementor elementor-6852 elementor-104\" data-elementor-settings=\"{&quot;ha_cmc_init_switcher&quot;:&quot;no&quot;}\" data-elementor-post-type=\"page\">\n\t\t\t\t\t\t<section data-particle_enable=\"false\" data-particle-mobile-disabled=\"false\" class=\"elementor-section elementor-top-section elementor-element elementor-element-3d12469 elementor-section-height-min-height elementor-section-boxed elementor-section-height-default elementor-section-items-middle\" data-id=\"3d12469\" data-element_type=\"section\" data-e-type=\"section\" data-settings=\"{&quot;_ha_eqh_enable&quot;:false}\">\n\t\t\t\t\t\t<div class=\"elementor-container elementor-column-gap-no\">\n\t\t\t\t\t<div class=\"elementor-column elementor-col-100 elementor-top-column elementor-element elementor-element-1d7c5a5\" data-id=\"1d7c5a5\" data-element_type=\"column\" data-e-type=\"column\">\n\t\t\t<div class=\"elementor-widget-wrap elementor-element-populated\">\n\t\t\t\t\t\t<div class=\"elementor-element elementor-element-db1281f elementor--h-position-center elementor--v-position-middle elementor-arrows-position-inside elementor-widget elementor-widget-slides\" data-id=\"db1281f\" data-element_type=\"widget\" data-e-type=\"widget\" data-settings=\"{&quot;navigation&quot;:&quot;arrows&quot;,&quot;autoplay&quot;:&quot;yes&quot;,&quot;pause_on_hover&quot;:&quot;yes&quot;,&quot;pause_on_interaction&quot;:&quot;yes&quot;,&quot;autoplay_speed&quot;:5000,&quot;infinite&quot;:&quot;yes&quot;,&quot;transition&quot;:&quot;slide&quot;,&quot;transition_speed&quot;:500}\" data-widget_type=\"slides.default\">\n\t\t\t\t<div class=\"elementor-widget-container\">\n\t\t\t\t\t\t\t\t\t<div class=\"elementor-swiper\">\n\t\t\t\t\t<div class=\"elementor-slides-wrapper elementor-main-swiper swiper\" role=\"region\" aria-roledescription=\"carousel\" aria-label=\"Slides\" dir=\"ltr\" data-animation=\"fadeInUp\">\n\t\t\t\t<div class=\"swiper-wrapper elementor-slides\">\n\t\t\t\t\t\t\t\t\t\t<div class=\"elementor-repeater-item-7de0738 swiper-slide\" role=\"group\" aria-roledescription=\"slide\"><div class=\"swiper-slide-bg\" role=\"img\" aria-label=\"meroni-technology-contatti\"><\/div><div class=\"elementor-background-overlay\"><\/div><div class=\"swiper-slide-inner\" ><div class=\"swiper-slide-contents\"><h1 class=\"elementor-slide-heading\">Contacta con Serrature Meroni<\/h1><div class=\"elementor-slide-description\">Nuestro equipo est\u00e1 a tu disposici\u00f3n para informaci\u00f3n t\u00e9cnica y comercial.<\/div><\/div><\/div><\/div>\t\t\t\t<\/div>\n\t\t\t\t\t\t\t<\/div>\n\t\t\t\t<\/div>\n\t\t\t\t\t\t\t\t<\/div>\n\t\t\t\t<\/div>\n\t\t\t\t\t<\/div>\n\t\t<\/div>\n\t\t\t\t\t<\/div>\n\t\t<\/section>\n\t\t\t\t<section data-particle_enable=\"false\" data-particle-mobile-disabled=\"false\" class=\"elementor-section elementor-top-section elementor-element elementor-element-3056f12 elementor-section-boxed elementor-section-height-default elementor-section-height-default\" data-id=\"3056f12\" data-element_type=\"section\" data-e-type=\"section\" data-settings=\"{&quot;_ha_eqh_enable&quot;:false}\">\n\t\t\t\t\t\t<div class=\"elementor-container elementor-column-gap-default\">\n\t\t\t\t\t<div class=\"elementor-column elementor-col-50 elementor-top-column elementor-element elementor-element-bc2f064\" data-id=\"bc2f064\" data-element_type=\"column\" data-e-type=\"column\">\n\t\t\t<div class=\"elementor-widget-wrap elementor-element-populated\">\n\t\t\t\t\t\t<div class=\"elementor-element elementor-element-6911dbc elementor-widget elementor-widget-spacer\" data-id=\"6911dbc\" data-element_type=\"widget\" data-e-type=\"widget\" data-widget_type=\"spacer.default\">\n\t\t\t\t<div class=\"elementor-widget-container\">\n\t\t\t\t\t\t\t<div class=\"elementor-spacer\">\n\t\t\t<div class=\"elementor-spacer-inner\"><\/div>\n\t\t<\/div>\n\t\t\t\t\t\t<\/div>\n\t\t\t\t<\/div>\n\t\t\t\t<div class=\"elementor-element elementor-element-65d0a36 elementor-widget elementor-widget-heading\" data-id=\"65d0a36\" data-element_type=\"widget\" data-e-type=\"widget\" data-widget_type=\"heading.default\">\n\t\t\t\t<div class=\"elementor-widget-container\">\n\t\t\t\t\t<h6 class=\"elementor-heading-title elementor-size-default\">Serrature Meroni<\/h6>\t\t\t\t<\/div>\n\t\t\t\t<\/div>\n\t\t\t\t<div class=\"elementor-element elementor-element-616da0d elementor-widget elementor-widget-text-editor\" data-id=\"616da0d\" data-element_type=\"widget\" data-e-type=\"widget\" data-widget_type=\"text-editor.default\">\n\t\t\t\t<div class=\"elementor-widget-container\">\n\t\t\t\t\t\t\t\t\t<p>Via Valsorda, S.P. 40<br>22044 Inverigo (CO)<\/p>\n<p>+39 0316949301<br><span style=\"font-size: 20px; letter-spacing: 0.48px; word-spacing: 1.12px;\">export@serme.it<\/span><\/p>\t\t\t\t\t\t\t\t<\/div>\n\t\t\t\t<\/div>\n\t\t\t\t\t<\/div>\n\t\t<\/div>\n\t\t\t\t<div class=\"elementor-column elementor-col-50 elementor-top-column elementor-element elementor-element-4986c09\" data-id=\"4986c09\" data-element_type=\"column\" data-e-type=\"column\">\n\t\t\t<div class=\"elementor-widget-wrap elementor-element-populated\">\n\t\t\t\t\t\t<div class=\"elementor-element elementor-element-5b5ebae elementor-widget elementor-widget-google_maps\" data-id=\"5b5ebae\" data-element_type=\"widget\" data-e-type=\"widget\" data-widget_type=\"google_maps.default\">\n\t\t\t\t<div class=\"elementor-widget-container\">\n\t\t\t\t\t\t\t<div class=\"elementor-custom-embed\">\n\t\t\t<iframe loading=\"lazy\"\n\t\t\t\t\tsrc=\"https:\/\/maps.google.com\/maps?q=Serrature%20Meroni&#038;t=m&#038;z=10&#038;output=embed&#038;iwloc=near\"\n\t\t\t\t\ttitle=\"Serrature Meroni\"\n\t\t\t\t\taria-label=\"Serrature Meroni\"\n\t\t\t><\/iframe>\n\t\t<\/div>\n\t\t\t\t\t\t<\/div>\n\t\t\t\t<\/div>\n\t\t\t\t\t<\/div>\n\t\t<\/div>\n\t\t\t\t\t<\/div>\n\t\t<\/section>\n\t\t\t\t<section data-particle_enable=\"false\" data-particle-mobile-disabled=\"false\" class=\"elementor-section elementor-top-section elementor-element elementor-element-e32b127 elementor-section-boxed elementor-section-height-default elementor-section-height-default\" data-id=\"e32b127\" data-element_type=\"section\" data-e-type=\"section\" data-settings=\"{&quot;_ha_eqh_enable&quot;:false}\">\n\t\t\t\t\t\t<div class=\"elementor-container elementor-column-gap-default\">\n\t\t\t\t\t<div class=\"elementor-column elementor-col-50 elementor-top-column elementor-element elementor-element-fac028c\" data-id=\"fac028c\" data-element_type=\"column\" data-e-type=\"column\">\n\t\t\t<div class=\"elementor-widget-wrap elementor-element-populated\">\n\t\t\t\t\t\t<div class=\"elementor-element elementor-element-728d94d elementor-widget elementor-widget-spacer\" data-id=\"728d94d\" data-element_type=\"widget\" data-e-type=\"widget\" data-widget_type=\"spacer.default\">\n\t\t\t\t<div class=\"elementor-widget-container\">\n\t\t\t\t\t\t\t<div class=\"elementor-spacer\">\n\t\t\t<div class=\"elementor-spacer-inner\"><\/div>\n\t\t<\/div>\n\t\t\t\t\t\t<\/div>\n\t\t\t\t<\/div>\n\t\t\t\t<div class=\"elementor-element elementor-element-7f018be elementor-widget elementor-widget-heading\" data-id=\"7f018be\" data-element_type=\"widget\" data-e-type=\"widget\" data-widget_type=\"heading.default\">\n\t\t\t\t<div class=\"elementor-widget-container\">\n\t\t\t\t\t<h6 class=\"elementor-heading-title elementor-size-default\"><span style=\"font-family: Raleway, Raleway, sans-serif;font-size: 20px;font-weight: 600;letter-spacing: 0.48px\">Cerraval - Cerrajera Valenciana<\/span><span style=\"font-family: Raleway, Raleway, sans-serif;font-size: 20px;font-weight: 600;letter-spacing: 0.48px\"><\/span><\/h6>\t\t\t\t<\/div>\n\t\t\t\t<\/div>\n\t\t\t\t<div class=\"elementor-element elementor-element-c5f6c19 elementor-widget elementor-widget-text-editor\" data-id=\"c5f6c19\" data-element_type=\"widget\" data-e-type=\"widget\" data-widget_type=\"text-editor.default\">\n\t\t\t\t<div class=\"elementor-widget-container\">\n\t\t\t\t\t\t\t\t\t<p style=\"font-size: 20px; letter-spacing: 0.48px; word-spacing: 1.12px;\">Islas Canarias, 29<br style=\"font-size: 20px;\" \/>P. I. Fuerte del Jarro<br style=\"font-size: 20px;\" \/>46988 Paterna-Valencia<\/p><p style=\"font-size: 20px; letter-spacing: 0.48px; word-spacing: 1.12px;\">+34 961325395<br style=\"font-size: 20px;\" \/>cerraval@cerraval.es<\/p>\t\t\t\t\t\t\t\t<\/div>\n\t\t\t\t<\/div>\n\t\t\t\t\t<\/div>\n\t\t<\/div>\n\t\t\t\t<div class=\"elementor-column elementor-col-50 elementor-top-column elementor-element elementor-element-7214299\" data-id=\"7214299\" data-element_type=\"column\" data-e-type=\"column\">\n\t\t\t<div class=\"elementor-widget-wrap elementor-element-populated\">\n\t\t\t\t\t\t<div class=\"elementor-element elementor-element-2f77ab3 elementor-widget elementor-widget-google_maps\" data-id=\"2f77ab3\" data-element_type=\"widget\" data-e-type=\"widget\" data-widget_type=\"google_maps.default\">\n\t\t\t\t<div class=\"elementor-widget-container\">\n\t\t\t\t\t\t\t<div class=\"elementor-custom-embed\">\n\t\t\t<iframe loading=\"lazy\"\n\t\t\t\t\tsrc=\"https:\/\/maps.google.com\/maps?q=Cerraval&#038;t=m&#038;z=10&#038;output=embed&#038;iwloc=near\"\n\t\t\t\t\ttitle=\"Cerraval\"\n\t\t\t\t\taria-label=\"Cerraval\"\n\t\t\t><\/iframe>\n\t\t<\/div>\n\t\t\t\t\t\t<\/div>\n\t\t\t\t<\/div>\n\t\t\t\t\t<\/div>\n\t\t<\/div>\n\t\t\t\t\t<\/div>\n\t\t<\/section>\n\t\t\t\t<section data-particle_enable=\"false\" data-particle-mobile-disabled=\"false\" class=\"elementor-section elementor-top-section elementor-element elementor-element-4b34b30 elementor-section-boxed elementor-section-height-default elementor-section-height-default\" data-id=\"4b34b30\" data-element_type=\"section\" data-e-type=\"section\" data-settings=\"{&quot;_ha_eqh_enable&quot;:false}\">\n\t\t\t\t\t\t<div class=\"elementor-container elementor-column-gap-default\">\n\t\t\t\t\t<div class=\"elementor-column elementor-col-100 elementor-top-column elementor-element elementor-element-4b62ff2\" data-id=\"4b62ff2\" data-element_type=\"column\" data-e-type=\"column\">\n\t\t\t<div class=\"elementor-widget-wrap elementor-element-populated\">\n\t\t\t\t\t\t<div class=\"elementor-element elementor-element-8d48f99 elementor-widget elementor-widget-heading\" data-id=\"8d48f99\" data-element_type=\"widget\" data-e-type=\"widget\" data-widget_type=\"heading.default\">\n\t\t\t\t<div class=\"elementor-widget-container\">\n\t\t\t\t\t<h2 class=\"elementor-heading-title elementor-size-default\">\u00bfTienes una solicitud espec\u00edfica?<\/h2>\t\t\t\t<\/div>\n\t\t\t\t<\/div>\n\t\t\t\t<div class=\"elementor-element elementor-element-4575e94 elementor-widget elementor-widget-html\" data-id=\"4575e94\" data-element_type=\"widget\" data-e-type=\"widget\" data-widget_type=\"html.default\">\n\t\t\t\t<div class=\"elementor-widget-container\">\n\t\t\t\t\t<script src=\"https:\/\/js-eu1.hsforms.net\/forms\/embed\/146166786.js\" defer><\/script>\r\n<div class=\"hs-form-frame\" data-region=\"eu1\" data-form-id=\"a9e299c4-d107-445c-b464-86b5361e6731\" data-portal-id=\"146166786\"><\/div>\t\t\t\t<\/div>\n\t\t\t\t<\/div>\n\t\t\t\t\t<\/div>\n\t\t<\/div>\n\t\t\t\t\t<\/div>\n\t\t<\/section>\n\t\t\t\t<section data-particle_enable=\"false\" data-particle-mobile-disabled=\"false\" class=\"elementor-section elementor-top-section elementor-element elementor-element-e8adf36 elementor-section-boxed elementor-section-height-default elementor-section-height-default\" data-id=\"e8adf36\" data-element_type=\"section\" data-e-type=\"section\" data-settings=\"{&quot;_ha_eqh_enable&quot;:false}\">\n\t\t\t\t\t\t<div class=\"elementor-container elementor-column-gap-default\">\n\t\t\t\t\t<div class=\"elementor-column elementor-col-100 elementor-top-column elementor-element elementor-element-e087e38\" data-id=\"e087e38\" data-element_type=\"column\" data-e-type=\"column\">\n\t\t\t<div class=\"elementor-widget-wrap elementor-element-populated\">\n\t\t\t\t\t\t<div class=\"elementor-element elementor-element-ff7cd9e elementor-shape-circle elementor-grid-0 e-grid-align-center elementor-widget elementor-widget-social-icons\" data-id=\"ff7cd9e\" data-element_type=\"widget\" data-e-type=\"widget\" data-widget_type=\"social-icons.default\">\n\t\t\t\t<div class=\"elementor-widget-container\">\n\t\t\t\t\t\t\t<div class=\"elementor-social-icons-wrapper elementor-grid\" role=\"list\">\n\t\t\t\t\t\t\t<span class=\"elementor-grid-item\" role=\"listitem\">\n\t\t\t\t\t<a class=\"elementor-icon elementor-social-icon elementor-social-icon-youtube elementor-repeater-item-c910c78\" href=\"https:\/\/www.youtube.com\/@serraturemeroni\" target=\"_blank\">\n\t\t\t\t\t\t<span class=\"elementor-screen-only\">Youtube<\/span>\n\t\t\t\t\t\t<i aria-hidden=\"true\" class=\"fab fa-youtube\"><\/i>\t\t\t\t\t<\/a>\n\t\t\t\t<\/span>\n\t\t\t\t\t\t\t<span class=\"elementor-grid-item\" role=\"listitem\">\n\t\t\t\t\t<a class=\"elementor-icon elementor-social-icon elementor-social-icon-facebook elementor-repeater-item-f513ab8\" href=\"https:\/\/www.facebook.com\/serraturemeroni\/\" target=\"_blank\">\n\t\t\t\t\t\t<span class=\"elementor-screen-only\">Facebook<\/span>\n\t\t\t\t\t\t<i aria-hidden=\"true\" class=\"fab fa-facebook\"><\/i>\t\t\t\t\t<\/a>\n\t\t\t\t<\/span>\n\t\t\t\t\t\t\t<span class=\"elementor-grid-item\" role=\"listitem\">\n\t\t\t\t\t<a class=\"elementor-icon elementor-social-icon elementor-social-icon-instagram elementor-repeater-item-2c61fbd\" href=\"https:\/\/www.instagram.com\/serraturemeroni\/\" target=\"_blank\">\n\t\t\t\t\t\t<span class=\"elementor-screen-only\">Instagram<\/span>\n\t\t\t\t\t\t<i aria-hidden=\"true\" class=\"fab fa-instagram\"><\/i>\t\t\t\t\t<\/a>\n\t\t\t\t<\/span>\n\t\t\t\t\t\t\t<span class=\"elementor-grid-item\" role=\"listitem\">\n\t\t\t\t\t<a class=\"elementor-icon elementor-social-icon elementor-social-icon-linkedin elementor-repeater-item-5611416\" href=\"https:\/\/it.linkedin.com\/company\/serrature-meroni\" target=\"_blank\">\n\t\t\t\t\t\t<span class=\"elementor-screen-only\">Linkedin<\/span>\n\t\t\t\t\t\t<i aria-hidden=\"true\" class=\"fab fa-linkedin\"><\/i>\t\t\t\t\t<\/a>\n\t\t\t\t<\/span>\n\t\t\t\t\t\t\t<span class=\"elementor-grid-item\" role=\"listitem\">\n\t\t\t\t\t<a class=\"elementor-icon elementor-social-icon elementor-social-icon-envelope elementor-repeater-item-c6722c0\" href=\"mailto:meroni@serme.it\" target=\"_blank\">\n\t\t\t\t\t\t<span class=\"elementor-screen-only\">Envelope<\/span>\n\t\t\t\t\t\t<i aria-hidden=\"true\" class=\"fas fa-envelope\"><\/i>\t\t\t\t\t<\/a>\n\t\t\t\t<\/span>\n\t\t\t\t\t<\/div>\n\t\t\t\t\t\t<\/div>\n\t\t\t\t<\/div>\n\t\t\t\t\t<\/div>\n\t\t<\/div>\n\t\t\t\t\t<\/div>\n\t\t<\/section>\n\t\t\t\t<\/div>\n\t\t","protected":false},"excerpt":{"rendered":"<p>Contacta con Serrature Meroni Nuestro equipo est\u00e1 a tu disposici\u00f3n para informaci\u00f3n t\u00e9cnica y comercial. Serrature Meroni Via Valsorda, S.P. 4022044 Inverigo (CO) +39 0316949301export@serme.it Cerraval &#8211; Cerrajera Valenciana Islas Canarias, 29P. I. Fuerte del Jarro46988 Paterna-Valencia +34 961325395cerraval@cerraval.es \u00bfTienes una solicitud espec\u00edfica? Youtube Facebook Instagram Linkedin Envelope<\/p>\n","protected":false},"author":1,"featured_media":0,"parent":0,"menu_order":0,"comment_status":"closed","ping_status":"closed","template":"","meta":{"_acf_changed":false,"footnotes":""},"class_list":["post-6852","page","type-page","status-publish","hentry"],"acf":[],"yoast_head":"<!-- This site is optimized with the Yoast SEO plugin v27.4 - https:\/\/yoast.com\/product\/yoast-seo-wordpress\/ -->\n<title>Contactos | Serrature Meroni<\/title>\n<meta name=\"description\" content=\"Todos los contactos de Serrature Meroni y Cerraval: direcci\u00f3n, tel\u00e9fono, correo electr\u00f3nico, redes sociales y mapas.\" \/>\n<meta name=\"robots\" content=\"index, follow, max-snippet:-1, max-image-preview:large, max-video-preview:-1\" \/>\n<link rel=\"canonical\" href=\"https:\/\/serraturemeroni.it\/es\/contactos\/\" \/>\n<meta property=\"og:locale\" content=\"es_ES\" \/>\n<meta property=\"og:type\" content=\"article\" \/>\n<meta property=\"og:title\" content=\"Contactos | Serrature Meroni\" \/>\n<meta property=\"og:description\" content=\"Todos los contactos de Serrature Meroni y Cerraval: direcci\u00f3n, tel\u00e9fono, correo electr\u00f3nico, redes sociales y mapas.\" \/>\n<meta property=\"og:url\" content=\"https:\/\/serraturemeroni.it\/es\/contactos\/\" \/>\n<meta property=\"og:site_name\" content=\"Serrature Meroni\" \/>\n<meta property=\"article:publisher\" content=\"https:\/\/www.facebook.com\/serraturemeroni\/\" \/>\n<meta property=\"article:modified_time\" content=\"2026-02-20T10:30:53+00:00\" \/>\n<meta name=\"twitter:card\" content=\"summary_large_image\" \/>\n<meta name=\"twitter:label1\" content=\"Tiempo de lectura\" \/>\n\t<meta name=\"twitter:data1\" content=\"1 minuto\" \/>\n<script type=\"application\/ld+json\" class=\"yoast-schema-graph\">{\"@context\":\"https:\\\/\\\/schema.org\",\"@graph\":[{\"@type\":\"WebPage\",\"@id\":\"https:\\\/\\\/serraturemeroni.it\\\/es\\\/contactos\\\/\",\"url\":\"https:\\\/\\\/serraturemeroni.it\\\/es\\\/contactos\\\/\",\"name\":\"Contactos | Serrature Meroni\",\"isPartOf\":{\"@id\":\"https:\\\/\\\/serraturemeroni.it\\\/es\\\/#website\"},\"datePublished\":\"2021-10-18T13:20:31+00:00\",\"dateModified\":\"2026-02-20T10:30:53+00:00\",\"description\":\"Todos los contactos de Serrature Meroni y Cerraval: direcci\u00f3n, tel\u00e9fono, correo electr\u00f3nico, redes sociales y mapas.\",\"breadcrumb\":{\"@id\":\"https:\\\/\\\/serraturemeroni.it\\\/es\\\/contactos\\\/#breadcrumb\"},\"inLanguage\":\"es\",\"potentialAction\":[{\"@type\":\"ReadAction\",\"target\":[\"https:\\\/\\\/serraturemeroni.it\\\/es\\\/contactos\\\/\"]}]},{\"@type\":\"BreadcrumbList\",\"@id\":\"https:\\\/\\\/serraturemeroni.it\\\/es\\\/contactos\\\/#breadcrumb\",\"itemListElement\":[{\"@type\":\"ListItem\",\"position\":1,\"name\":\"Home\",\"item\":\"https:\\\/\\\/serraturemeroni.it\\\/es\\\/\"},{\"@type\":\"ListItem\",\"position\":2,\"name\":\"Contactos\"}]},{\"@type\":\"WebSite\",\"@id\":\"https:\\\/\\\/serraturemeroni.it\\\/es\\\/#website\",\"url\":\"https:\\\/\\\/serraturemeroni.it\\\/es\\\/\",\"name\":\"Serrature Meroni\",\"description\":\"Dal 1945 leader nelle serrature di sicurezza\",\"publisher\":{\"@id\":\"https:\\\/\\\/serraturemeroni.it\\\/es\\\/#organization\"},\"potentialAction\":[{\"@type\":\"SearchAction\",\"target\":{\"@type\":\"EntryPoint\",\"urlTemplate\":\"https:\\\/\\\/serraturemeroni.it\\\/es\\\/?s={search_term_string}\"},\"query-input\":{\"@type\":\"PropertyValueSpecification\",\"valueRequired\":true,\"valueName\":\"search_term_string\"}}],\"inLanguage\":\"es\"},{\"@type\":\"Organization\",\"@id\":\"https:\\\/\\\/serraturemeroni.it\\\/es\\\/#organization\",\"name\":\"Serrature Meroni\",\"url\":\"https:\\\/\\\/serraturemeroni.it\\\/es\\\/\",\"logo\":{\"@type\":\"ImageObject\",\"inLanguage\":\"es\",\"@id\":\"https:\\\/\\\/serraturemeroni.it\\\/es\\\/#\\\/schema\\\/logo\\\/image\\\/\",\"url\":\"https:\\\/\\\/serraturemeroni.it\\\/wp-content\\\/uploads\\\/2026\\\/02\\\/serrature-meroni-favicon.gif\",\"contentUrl\":\"https:\\\/\\\/serraturemeroni.it\\\/wp-content\\\/uploads\\\/2026\\\/02\\\/serrature-meroni-favicon.gif\",\"width\":512,\"height\":512,\"caption\":\"Serrature Meroni\"},\"image\":{\"@id\":\"https:\\\/\\\/serraturemeroni.it\\\/es\\\/#\\\/schema\\\/logo\\\/image\\\/\"},\"sameAs\":[\"https:\\\/\\\/www.facebook.com\\\/serraturemeroni\\\/\"]}]}<\/script>\n<!-- \/ Yoast SEO plugin. -->","yoast_head_json":{"title":"Contactos | Serrature Meroni","description":"Todos los contactos de Serrature Meroni y Cerraval: direcci\u00f3n, tel\u00e9fono, correo electr\u00f3nico, redes sociales y mapas.","robots":{"index":"index","follow":"follow","max-snippet":"max-snippet:-1","max-image-preview":"max-image-preview:large","max-video-preview":"max-video-preview:-1"},"canonical":"https:\/\/serraturemeroni.it\/es\/contactos\/","og_locale":"es_ES","og_type":"article","og_title":"Contactos | Serrature Meroni","og_description":"Todos los contactos de Serrature Meroni y Cerraval: direcci\u00f3n, tel\u00e9fono, correo electr\u00f3nico, redes sociales y mapas.","og_url":"https:\/\/serraturemeroni.it\/es\/contactos\/","og_site_name":"Serrature Meroni","article_publisher":"https:\/\/www.facebook.com\/serraturemeroni\/","article_modified_time":"2026-02-20T10:30:53+00:00","twitter_card":"summary_large_image","twitter_misc":{"Tiempo de lectura":"1 minuto"},"schema":{"@context":"https:\/\/schema.org","@graph":[{"@type":"WebPage","@id":"https:\/\/serraturemeroni.it\/es\/contactos\/","url":"https:\/\/serraturemeroni.it\/es\/contactos\/","name":"Contactos | Serrature Meroni","isPartOf":{"@id":"https:\/\/serraturemeroni.it\/es\/#website"},"datePublished":"2021-10-18T13:20:31+00:00","dateModified":"2026-02-20T10:30:53+00:00","description":"Todos los contactos de Serrature Meroni y Cerraval: direcci\u00f3n, tel\u00e9fono, correo electr\u00f3nico, redes sociales y mapas.","breadcrumb":{"@id":"https:\/\/serraturemeroni.it\/es\/contactos\/#breadcrumb"},"inLanguage":"es","potentialAction":[{"@type":"ReadAction","target":["https:\/\/serraturemeroni.it\/es\/contactos\/"]}]},{"@type":"BreadcrumbList","@id":"https:\/\/serraturemeroni.it\/es\/contactos\/#breadcrumb","itemListElement":[{"@type":"ListItem","position":1,"name":"Home","item":"https:\/\/serraturemeroni.it\/es\/"},{"@type":"ListItem","position":2,"name":"Contactos"}]},{"@type":"WebSite","@id":"https:\/\/serraturemeroni.it\/es\/#website","url":"https:\/\/serraturemeroni.it\/es\/","name":"Serrature Meroni","description":"Dal 1945 leader nelle serrature di sicurezza","publisher":{"@id":"https:\/\/serraturemeroni.it\/es\/#organization"},"potentialAction":[{"@type":"SearchAction","target":{"@type":"EntryPoint","urlTemplate":"https:\/\/serraturemeroni.it\/es\/?s={search_term_string}"},"query-input":{"@type":"PropertyValueSpecification","valueRequired":true,"valueName":"search_term_string"}}],"inLanguage":"es"},{"@type":"Organization","@id":"https:\/\/serraturemeroni.it\/es\/#organization","name":"Serrature Meroni","url":"https:\/\/serraturemeroni.it\/es\/","logo":{"@type":"ImageObject","inLanguage":"es","@id":"https:\/\/serraturemeroni.it\/es\/#\/schema\/logo\/image\/","url":"https:\/\/serraturemeroni.it\/wp-content\/uploads\/2026\/02\/serrature-meroni-favicon.gif","contentUrl":"https:\/\/serraturemeroni.it\/wp-content\/uploads\/2026\/02\/serrature-meroni-favicon.gif","width":512,"height":512,"caption":"Serrature Meroni"},"image":{"@id":"https:\/\/serraturemeroni.it\/es\/#\/schema\/logo\/image\/"},"sameAs":["https:\/\/www.facebook.com\/serraturemeroni\/"]}]}},"_links":{"self":[{"href":"https:\/\/serraturemeroni.it\/es\/wp-json\/wp\/v2\/pages\/6852","targetHints":{"allow":["GET"]}}],"collection":[{"href":"https:\/\/serraturemeroni.it\/es\/wp-json\/wp\/v2\/pages"}],"about":[{"href":"https:\/\/serraturemeroni.it\/es\/wp-json\/wp\/v2\/types\/page"}],"author":[{"embeddable":true,"href":"https:\/\/serraturemeroni.it\/es\/wp-json\/wp\/v2\/users\/1"}],"replies":[{"embeddable":true,"href":"https:\/\/serraturemeroni.it\/es\/wp-json\/wp\/v2\/comments?post=6852"}],"version-history":[{"count":22,"href":"https:\/\/serraturemeroni.it\/es\/wp-json\/wp\/v2\/pages\/6852\/revisions"}],"predecessor-version":[{"id":11862,"href":"https:\/\/serraturemeroni.it\/es\/wp-json\/wp\/v2\/pages\/6852\/revisions\/11862"}],"wp:attachment":[{"href":"https:\/\/serraturemeroni.it\/es\/wp-json\/wp\/v2\/media?parent=6852"}],"curies":[{"name":"wp","href":"https:\/\/api.w.org\/{rel}","templated":true}]}}