{"id":10725,"date":"2025-03-06T10:25:20","date_gmt":"2025-03-06T10:25:20","guid":{"rendered":"https:\/\/serraturemeroni.it\/serrature_locker\/"},"modified":"2026-02-23T15:55:04","modified_gmt":"2026-02-23T15:55:04","slug":"locker-locks","status":"publish","type":"page","link":"https:\/\/serraturemeroni.it\/es\/locker-locks\/","title":{"rendered":"Locker Locks"},"content":{"rendered":"\t\t<div data-elementor-type=\"wp-page\" data-elementor-id=\"10725\" class=\"elementor elementor-10725 elementor-10678\" data-elementor-settings=\"{&quot;ha_cmc_init_switcher&quot;:&quot;no&quot;}\" data-elementor-post-type=\"page\">\n\t\t\t\t\t\t<section data-particle_enable=\"false\" data-particle-mobile-disabled=\"false\" class=\"elementor-section elementor-top-section elementor-element elementor-element-fa0a164 elementor-section-boxed elementor-section-height-default elementor-section-height-default\" data-id=\"fa0a164\" data-element_type=\"section\" data-e-type=\"section\" data-settings=\"{&quot;_ha_eqh_enable&quot;:false}\">\n\t\t\t\t\t\t<div class=\"elementor-container elementor-column-gap-default\">\n\t\t\t\t\t<div class=\"elementor-column elementor-col-100 elementor-top-column elementor-element elementor-element-52b1404\" data-id=\"52b1404\" data-element_type=\"column\" data-e-type=\"column\">\n\t\t\t<div class=\"elementor-widget-wrap elementor-element-populated\">\n\t\t\t\t\t\t<div class=\"elementor-element elementor-element-c82ae34 elementor-widget elementor-widget-spacer\" data-id=\"c82ae34\" data-element_type=\"widget\" data-e-type=\"widget\" data-widget_type=\"spacer.default\">\n\t\t\t\t<div class=\"elementor-widget-container\">\n\t\t\t\t\t\t\t<div class=\"elementor-spacer\">\n\t\t\t<div class=\"elementor-spacer-inner\"><\/div>\n\t\t<\/div>\n\t\t\t\t\t\t<\/div>\n\t\t\t\t<\/div>\n\t\t\t\t<div class=\"elementor-element elementor-element-9a94a86 elementor-widget elementor-widget-heading\" data-id=\"9a94a86\" data-element_type=\"widget\" data-e-type=\"widget\" data-widget_type=\"heading.default\">\n\t\t\t\t<div class=\"elementor-widget-container\">\n\t\t\t\t\t<h2 class=\"elementor-heading-title elementor-size-default\">Cerraduras para taquillas<\/h2>\t\t\t\t<\/div>\n\t\t\t\t<\/div>\n\t\t\t\t<div class=\"elementor-element elementor-element-aaaa2ed elementor-skin-coverflow elementor-arrows-yes elementor-pagination-type-bullets elementor-pagination-position-outside elementor-widget elementor-widget-media-carousel\" data-id=\"aaaa2ed\" data-element_type=\"widget\" data-e-type=\"widget\" data-settings=\"{&quot;skin&quot;:&quot;coverflow&quot;,&quot;slides_per_view&quot;:&quot;3&quot;,&quot;show_arrows&quot;:&quot;yes&quot;,&quot;pagination&quot;:&quot;bullets&quot;,&quot;speed&quot;:500,&quot;autoplay&quot;:&quot;yes&quot;,&quot;autoplay_speed&quot;:5000,&quot;loop&quot;:&quot;yes&quot;,&quot;pause_on_hover&quot;:&quot;yes&quot;,&quot;pause_on_interaction&quot;:&quot;yes&quot;,&quot;space_between&quot;:{&quot;unit&quot;:&quot;px&quot;,&quot;size&quot;:10,&quot;sizes&quot;:[]},&quot;space_between_tablet&quot;:{&quot;unit&quot;:&quot;px&quot;,&quot;size&quot;:10,&quot;sizes&quot;:[]},&quot;space_between_mobile&quot;:{&quot;unit&quot;:&quot;px&quot;,&quot;size&quot;:10,&quot;sizes&quot;:[]}}\" data-widget_type=\"media-carousel.default\">\n\t\t\t\t<div class=\"elementor-widget-container\">\n\t\t\t\t\t\t\t\t\t<div class=\"elementor-swiper\">\n\t\t\t\t\t<div class=\"elementor-main-swiper swiper\" role=\"region\" aria-roledescription=\"carousel\" aria-label=\"Diapositivas\">\n\t\t\t\t<div class=\"swiper-wrapper\">\n\t\t\t\t\t\t\t\t\t\t\t<div class=\"swiper-slide\" role=\"group\" aria-roledescription=\"slide\">\n\t\t\t\t\t\t\t\t\t<div class=\"elementor-carousel-image\" role=\"img\" aria-label=\"meroni_tech_2023\" style=\"background-image: url(&#039;https:\/\/serraturemeroni.it\/wp-content\/uploads\/2023\/05\/meroni_tech_2023.jpg&#039;)\">\n\n\t\t\t\n\t\t\t\t\t<\/div>\n\t\t\t\t\t\t\t\t<\/div>\n\t\t\t\t\t\t\t\t\t\t\t<div class=\"swiper-slide\" role=\"group\" aria-roledescription=\"slide\">\n\t\t\t\t\t\t\t\t\t<div class=\"elementor-carousel-image\" role=\"img\" aria-label=\"WPAD Cubo\" style=\"background-image: url(&#039;https:\/\/serraturemeroni.it\/wp-content\/uploads\/2025\/03\/WPAD-Cubo.png&#039;)\">\n\n\t\t\t\n\t\t\t\t\t<\/div>\n\t\t\t\t\t\t\t\t<\/div>\n\t\t\t\t\t\t\t\t\t\t\t<div class=\"swiper-slide\" role=\"group\" aria-roledescription=\"slide\">\n\t\t\t\t\t\t\t\t\t<div class=\"elementor-carousel-image\" role=\"img\" aria-label=\"Keypad_lock2_WPADslim\" style=\"background-image: url(&#039;https:\/\/serraturemeroni.it\/wp-content\/uploads\/2024\/10\/Keypad_lock2_WPADslim.png&#039;)\">\n\n\t\t\t\n\t\t\t\t\t<\/div>\n\t\t\t\t\t\t\t\t<\/div>\n\t\t\t\t\t\t\t\t\t\t\t<div class=\"swiper-slide\" role=\"group\" aria-roledescription=\"slide\">\n\t\t\t\t\t\t\t\t\t<div class=\"elementor-carousel-image\" role=\"img\" aria-label=\"WPADmini_07\" style=\"background-image: url(&#039;https:\/\/serraturemeroni.it\/wp-content\/uploads\/2025\/03\/WPADmini_07-e1741191854109.png&#039;)\">\n\n\t\t\t\n\t\t\t\t\t<\/div>\n\t\t\t\t\t\t\t\t<\/div>\n\t\t\t\t\t\t\t\t\t\t\t<div class=\"swiper-slide\" role=\"group\" aria-roledescription=\"slide\">\n\t\t\t\t\t\t\t\t\t<div class=\"elementor-carousel-image\" role=\"img\" aria-label=\"2\" style=\"background-image: url(&#039;https:\/\/serraturemeroni.it\/wp-content\/uploads\/2025\/03\/2.jpg&#039;)\">\n\n\t\t\t\n\t\t\t\t\t<\/div>\n\t\t\t\t\t\t\t\t<\/div>\n\t\t\t\t\t\t\t\t\t\t\t<div class=\"swiper-slide\" role=\"group\" aria-roledescription=\"slide\">\n\t\t\t\t\t\t\t\t\t<div class=\"elementor-carousel-image\" role=\"img\" aria-label=\"1051U_Meroni_NE_background\" style=\"background-image: url(&#039;https:\/\/serraturemeroni.it\/wp-content\/uploads\/2025\/03\/1051U_Meroni_NE_background-scaled.jpg&#039;)\">\n\n\t\t\t\n\t\t\t\t\t<\/div>\n\t\t\t\t\t\t\t\t<\/div>\n\t\t\t\t\t\t\t\t\t<\/div>\n\t\t\t\t\t\t\t\t\t\t\t\t\t\t\t<div class=\"elementor-swiper-button elementor-swiper-button-prev\" role=\"button\" tabindex=\"0\" aria-label=\"Anterior\">\n\t\t\t\t\t\t\t<i aria-hidden=\"true\" class=\"eicon-chevron-left\"><\/i>\t\t\t\t\t\t<\/div>\n\t\t\t\t\t\t<div class=\"elementor-swiper-button elementor-swiper-button-next\" role=\"button\" tabindex=\"0\" aria-label=\"Siguiente\">\n\t\t\t\t\t\t\t<i aria-hidden=\"true\" class=\"eicon-chevron-right\"><\/i>\t\t\t\t\t\t<\/div>\n\t\t\t\t\t\t\t\t\t\t\t\t\t\t\t\t<div class=\"swiper-pagination\"><\/div>\n\t\t\t\t\t\t\t\t\t\t\t\t<\/div>\n\t\t\t\t<\/div>\n\t\t\t\t\t\t\t\t<\/div>\n\t\t\t\t<\/div>\n\t\t\t\t<div class=\"elementor-element elementor-element-64632b3 elementor-widget elementor-widget-text-editor\" data-id=\"64632b3\" data-element_type=\"widget\" data-e-type=\"widget\" data-widget_type=\"text-editor.default\">\n\t\t\t\t<div class=\"elementor-widget-container\">\n\t\t\t\t\t\t\t\t\t<p data-start=\"232\" data-end=\"616\">Descubre la <strong>versatilidad y la innovaci\u00f3n de las soluciones de Serrature Meroni dedicadas a la seguridad de taquillas y mobiliario<\/strong>, tanto para la oficina como para otros entornos. Desde cerraduras mec\u00e1nicas hasta cerraduras electr\u00f3nicas y smart, la gama ofrece tecnolog\u00edas de vanguardia y un dise\u00f1o funcional. Elige la soluci\u00f3n perfecta y personaliza la protecci\u00f3n de tus espacios.<\/p>\t\t\t\t\t\t\t\t<\/div>\n\t\t\t\t<\/div>\n\t\t\t\t\t<\/div>\n\t\t<\/div>\n\t\t\t\t\t<\/div>\n\t\t<\/section>\n\t\t\t\t<section data-particle_enable=\"false\" data-particle-mobile-disabled=\"false\" class=\"elementor-section elementor-top-section elementor-element elementor-element-707fe1d elementor-section-boxed elementor-section-height-default elementor-section-height-default\" data-id=\"707fe1d\" data-element_type=\"section\" data-e-type=\"section\" data-settings=\"{&quot;_ha_eqh_enable&quot;:false}\">\n\t\t\t\t\t\t<div class=\"elementor-container elementor-column-gap-default\">\n\t\t\t\t\t<div class=\"elementor-column elementor-col-33 elementor-top-column elementor-element elementor-element-fb7e500\" data-id=\"fb7e500\" data-element_type=\"column\" data-e-type=\"column\">\n\t\t\t<div class=\"elementor-widget-wrap elementor-element-populated\">\n\t\t\t\t\t\t<div class=\"elementor-element elementor-element-c87d68f elementor-widget elementor-widget-text-editor\" data-id=\"c87d68f\" data-element_type=\"widget\" data-e-type=\"widget\" data-widget_type=\"text-editor.default\">\n\t\t\t\t<div class=\"elementor-widget-container\">\n\t\t\t\t\t\t\t\t\t<h4>DiLo<\/h4>\t\t\t\t\t\t\t\t<\/div>\n\t\t\t\t<\/div>\n\t\t\t\t<div class=\"elementor-element elementor-element-fe66ae7 elementor-widget elementor-widget-text-editor\" data-id=\"fe66ae7\" data-element_type=\"widget\" data-e-type=\"widget\" data-widget_type=\"text-editor.default\">\n\t\t\t\t<div class=\"elementor-widget-container\">\n\t\t\t\t\t\t\t\t\t<p>DiLo es la <strong>cerradura smart que combina seguridad y practicidad<\/strong>. El control de accesos se realiza a trav\u00e9s de la App AliA, simplificando la gesti\u00f3n de permisos y usos. Ideal para quienes desean un sistema avanzado, personalizable y siempre conectado.<\/p>\t\t\t\t\t\t\t\t<\/div>\n\t\t\t\t<\/div>\n\t\t\t\t<div class=\"elementor-element elementor-element-fe0a015 elementor-align-center elementor-widget elementor-widget-button\" data-id=\"fe0a015\" data-element_type=\"widget\" data-e-type=\"widget\" data-widget_type=\"button.default\">\n\t\t\t\t<div class=\"elementor-widget-container\">\n\t\t\t\t\t\t\t\t\t<div class=\"elementor-button-wrapper\">\n\t\t\t\t\t<a class=\"elementor-button elementor-button-link elementor-size-sm\" href=\"https:\/\/serraturemeroni.it\/wp-content\/uploads\/2022\/04\/DiLo_Smart_Lock_online.pdf\">\n\t\t\t\t\t\t<span class=\"elementor-button-content-wrapper\">\n\t\t\t\t\t\t\t\t\t<span class=\"elementor-button-text\">Descubre el cat\u00e1logo<\/span>\n\t\t\t\t\t<\/span>\n\t\t\t\t\t<\/a>\n\t\t\t\t<\/div>\n\t\t\t\t\t\t\t\t<\/div>\n\t\t\t\t<\/div>\n\t\t\t\t\t<\/div>\n\t\t<\/div>\n\t\t\t\t<div class=\"elementor-column elementor-col-33 elementor-top-column elementor-element elementor-element-e74bd2e\" data-id=\"e74bd2e\" data-element_type=\"column\" data-e-type=\"column\">\n\t\t\t<div class=\"elementor-widget-wrap elementor-element-populated\">\n\t\t\t\t\t\t<div class=\"elementor-element elementor-element-3872987 elementor-widget elementor-widget-text-editor\" data-id=\"3872987\" data-element_type=\"widget\" data-e-type=\"widget\" data-widget_type=\"text-editor.default\">\n\t\t\t\t<div class=\"elementor-widget-container\">\n\t\t\t\t\t\t\t\t\t<h4>Serie WPAD e WiRe<\/h4>\t\t\t\t\t\t\t\t<\/div>\n\t\t\t\t<\/div>\n\t\t\t\t<div class=\"elementor-element elementor-element-9f4ff6c elementor-widget elementor-widget-text-editor\" data-id=\"9f4ff6c\" data-element_type=\"widget\" data-e-type=\"widget\" data-widget_type=\"text-editor.default\">\n\t\t\t\t<div class=\"elementor-widget-container\">\n\t\t\t\t\t\t\t\t\t<p>La <strong>Serie WPAD es una l\u00ednea de cerraduras con teclado num\u00e9rico<\/strong>, visible o integrado (oculto). Alimentadas por bater\u00eda, garantizan practicidad y una instalaci\u00f3n sencilla. El sistema WiRe asegura un control de accesos cableado, para necesidades de seguridad avanzadas.<\/p>\t\t\t\t\t\t\t\t<\/div>\n\t\t\t\t<\/div>\n\t\t\t\t<div class=\"elementor-element elementor-element-4a071b3 elementor-align-center elementor-widget elementor-widget-button\" data-id=\"4a071b3\" data-element_type=\"widget\" data-e-type=\"widget\" data-widget_type=\"button.default\">\n\t\t\t\t<div class=\"elementor-widget-container\">\n\t\t\t\t\t\t\t\t\t<div class=\"elementor-button-wrapper\">\n\t\t\t\t\t<a class=\"elementor-button elementor-button-link elementor-size-sm\" href=\"https:\/\/serraturemeroni.it\/wp-content\/uploads\/2025\/03\/20241002_BR-W-series_ITA_A5_ver2_new.pdf\">\n\t\t\t\t\t\t<span class=\"elementor-button-content-wrapper\">\n\t\t\t\t\t\t\t\t\t<span class=\"elementor-button-text\">Descargar el folleto<\/span>\n\t\t\t\t\t<\/span>\n\t\t\t\t\t<\/a>\n\t\t\t\t<\/div>\n\t\t\t\t\t\t\t\t<\/div>\n\t\t\t\t<\/div>\n\t\t\t\t\t<\/div>\n\t\t<\/div>\n\t\t\t\t<div class=\"elementor-column elementor-col-33 elementor-top-column elementor-element elementor-element-3394aee\" data-id=\"3394aee\" data-element_type=\"column\" data-e-type=\"column\">\n\t\t\t<div class=\"elementor-widget-wrap elementor-element-populated\">\n\t\t\t\t\t\t<div class=\"elementor-element elementor-element-dd59535 elementor-widget elementor-widget-text-editor\" data-id=\"dd59535\" data-element_type=\"widget\" data-e-type=\"widget\" data-widget_type=\"text-editor.default\">\n\t\t\t\t<div class=\"elementor-widget-container\">\n\t\t\t\t\t\t\t\t\t<h4>Serie 10U<\/h4>\t\t\t\t\t\t\t\t<\/div>\n\t\t\t\t<\/div>\n\t\t\t\t<div class=\"elementor-element elementor-element-22e46cf elementor-widget elementor-widget-text-editor\" data-id=\"22e46cf\" data-element_type=\"widget\" data-e-type=\"widget\" data-widget_type=\"text-editor.default\">\n\t\t\t\t<div class=\"elementor-widget-container\">\n\t\t\t\t\t\t\t\t\t<p>Las <strong>cerraduras de combinaci\u00f3n mec\u00e1nica<\/strong>, como el modelo S10U, son soluciones robustas y duraderas. Perfectas para quienes priorizan la fiabilidad de un sistema tradicional, sin necesidad de alimentaci\u00f3n el\u00e9ctrica. El modelo 1051U es adecuado para su uso en puertas, mientras que el 1033U es la soluci\u00f3n para el cierre m\u00faltiple<\/p>\t\t\t\t\t\t\t\t<\/div>\n\t\t\t\t<\/div>\n\t\t\t\t<div class=\"elementor-element elementor-element-f654174 elementor-align-center elementor-widget elementor-widget-button\" data-id=\"f654174\" data-element_type=\"widget\" data-e-type=\"widget\" data-widget_type=\"button.default\">\n\t\t\t\t<div class=\"elementor-widget-container\">\n\t\t\t\t\t\t\t\t\t<div class=\"elementor-button-wrapper\">\n\t\t\t\t\t<a class=\"elementor-button elementor-button-link elementor-size-sm\" href=\"https:\/\/serraturemeroni.it\/wp-content\/uploads\/2025\/03\/202402_BR_Serie10U_IT.pdf\">\n\t\t\t\t\t\t<span class=\"elementor-button-content-wrapper\">\n\t\t\t\t\t\t\t\t\t<span class=\"elementor-button-text\">Consultar las fichas t\u00e9cnicas<\/span>\n\t\t\t\t\t<\/span>\n\t\t\t\t\t<\/a>\n\t\t\t\t<\/div>\n\t\t\t\t\t\t\t\t<\/div>\n\t\t\t\t<\/div>\n\t\t\t\t\t<\/div>\n\t\t<\/div>\n\t\t\t\t\t<\/div>\n\t\t<\/section>\n\t\t\t\t<section data-particle_enable=\"false\" data-particle-mobile-disabled=\"false\" class=\"elementor-section elementor-top-section elementor-element elementor-element-99d2def elementor-section-boxed elementor-section-height-default elementor-section-height-default\" data-id=\"99d2def\" data-element_type=\"section\" data-e-type=\"section\" data-settings=\"{&quot;_ha_eqh_enable&quot;:false}\">\n\t\t\t\t\t\t<div class=\"elementor-container elementor-column-gap-default\">\n\t\t\t\t\t<div class=\"elementor-column elementor-col-100 elementor-top-column elementor-element elementor-element-6849c1e\" data-id=\"6849c1e\" data-element_type=\"column\" data-e-type=\"column\">\n\t\t\t<div class=\"elementor-widget-wrap elementor-element-populated\">\n\t\t\t\t\t\t<div class=\"elementor-element elementor-element-8b782b9 elementor-widget elementor-widget-spacer\" data-id=\"8b782b9\" data-element_type=\"widget\" data-e-type=\"widget\" data-widget_type=\"spacer.default\">\n\t\t\t\t<div class=\"elementor-widget-container\">\n\t\t\t\t\t\t\t<div class=\"elementor-spacer\">\n\t\t\t<div class=\"elementor-spacer-inner\"><\/div>\n\t\t<\/div>\n\t\t\t\t\t\t<\/div>\n\t\t\t\t<\/div>\n\t\t\t\t\t<\/div>\n\t\t<\/div>\n\t\t\t\t\t<\/div>\n\t\t<\/section>\n\t\t\t\t<\/div>\n\t\t","protected":false},"excerpt":{"rendered":"<p>Cerraduras para taquillas Descubre la versatilidad y la innovaci\u00f3n de las soluciones de Serrature Meroni dedicadas a la seguridad de taquillas y mobiliario, tanto para la oficina como para otros entornos. Desde cerraduras mec\u00e1nicas hasta cerraduras electr\u00f3nicas y smart, la gama ofrece tecnolog\u00edas de vanguardia y un dise\u00f1o funcional. Elige la soluci\u00f3n perfecta y personaliza [&hellip;]<\/p>\n","protected":false},"author":4,"featured_media":0,"parent":0,"menu_order":0,"comment_status":"closed","ping_status":"closed","template":"elementor_header_footer","meta":{"_acf_changed":false,"footnotes":""},"class_list":["post-10725","page","type-page","status-publish","hentry"],"acf":[],"yoast_head":"<!-- This site is optimized with the Yoast SEO plugin v27.4 - https:\/\/yoast.com\/product\/yoast-seo-wordpress\/ -->\n<title>Locker Locks | Serrature Meroni<\/title>\n<meta name=\"robots\" content=\"noindex, nofollow\" \/>\n<meta property=\"og:locale\" content=\"es_ES\" \/>\n<meta property=\"og:type\" content=\"article\" \/>\n<meta property=\"og:title\" content=\"Locker Locks | Serrature Meroni\" \/>\n<meta property=\"og:description\" content=\"Cerraduras para taquillas Descubre la versatilidad y la innovaci\u00f3n de las soluciones de Serrature Meroni dedicadas a la seguridad de taquillas y mobiliario, tanto para la oficina como para otros entornos. Desde cerraduras mec\u00e1nicas hasta cerraduras electr\u00f3nicas y smart, la gama ofrece tecnolog\u00edas de vanguardia y un dise\u00f1o funcional. Elige la soluci\u00f3n perfecta y personaliza [&hellip;]\" \/>\n<meta property=\"og:url\" content=\"https:\/\/serraturemeroni.it\/es\/locker-locks\/\" \/>\n<meta property=\"og:site_name\" content=\"Serrature Meroni\" \/>\n<meta property=\"article:publisher\" content=\"https:\/\/www.facebook.com\/serraturemeroni\/\" \/>\n<meta property=\"article:modified_time\" content=\"2026-02-23T15:55:04+00:00\" \/>\n<meta name=\"twitter:card\" content=\"summary_large_image\" \/>\n<meta name=\"twitter:label1\" content=\"Tiempo de lectura\" \/>\n\t<meta name=\"twitter:data1\" content=\"1 minuto\" \/>\n<script type=\"application\/ld+json\" class=\"yoast-schema-graph\">{\"@context\":\"https:\\\/\\\/schema.org\",\"@graph\":[{\"@type\":\"WebPage\",\"@id\":\"https:\\\/\\\/serraturemeroni.it\\\/es\\\/locker-locks\\\/\",\"url\":\"https:\\\/\\\/serraturemeroni.it\\\/es\\\/locker-locks\\\/\",\"name\":\"Locker Locks | Serrature Meroni\",\"isPartOf\":{\"@id\":\"https:\\\/\\\/serraturemeroni.it\\\/es\\\/#website\"},\"datePublished\":\"2025-03-06T10:25:20+00:00\",\"dateModified\":\"2026-02-23T15:55:04+00:00\",\"breadcrumb\":{\"@id\":\"https:\\\/\\\/serraturemeroni.it\\\/es\\\/locker-locks\\\/#breadcrumb\"},\"inLanguage\":\"es\",\"potentialAction\":[{\"@type\":\"ReadAction\",\"target\":[\"https:\\\/\\\/serraturemeroni.it\\\/es\\\/locker-locks\\\/\"]}]},{\"@type\":\"BreadcrumbList\",\"@id\":\"https:\\\/\\\/serraturemeroni.it\\\/es\\\/locker-locks\\\/#breadcrumb\",\"itemListElement\":[{\"@type\":\"ListItem\",\"position\":1,\"name\":\"Home\",\"item\":\"https:\\\/\\\/serraturemeroni.it\\\/es\\\/\"},{\"@type\":\"ListItem\",\"position\":2,\"name\":\"Locker Locks\"}]},{\"@type\":\"WebSite\",\"@id\":\"https:\\\/\\\/serraturemeroni.it\\\/es\\\/#website\",\"url\":\"https:\\\/\\\/serraturemeroni.it\\\/es\\\/\",\"name\":\"Serrature Meroni\",\"description\":\"Dal 1945 leader nelle serrature di sicurezza\",\"publisher\":{\"@id\":\"https:\\\/\\\/serraturemeroni.it\\\/es\\\/#organization\"},\"potentialAction\":[{\"@type\":\"SearchAction\",\"target\":{\"@type\":\"EntryPoint\",\"urlTemplate\":\"https:\\\/\\\/serraturemeroni.it\\\/es\\\/?s={search_term_string}\"},\"query-input\":{\"@type\":\"PropertyValueSpecification\",\"valueRequired\":true,\"valueName\":\"search_term_string\"}}],\"inLanguage\":\"es\"},{\"@type\":\"Organization\",\"@id\":\"https:\\\/\\\/serraturemeroni.it\\\/es\\\/#organization\",\"name\":\"Serrature Meroni\",\"url\":\"https:\\\/\\\/serraturemeroni.it\\\/es\\\/\",\"logo\":{\"@type\":\"ImageObject\",\"inLanguage\":\"es\",\"@id\":\"https:\\\/\\\/serraturemeroni.it\\\/es\\\/#\\\/schema\\\/logo\\\/image\\\/\",\"url\":\"https:\\\/\\\/serraturemeroni.it\\\/wp-content\\\/uploads\\\/2026\\\/02\\\/serrature-meroni-favicon.gif\",\"contentUrl\":\"https:\\\/\\\/serraturemeroni.it\\\/wp-content\\\/uploads\\\/2026\\\/02\\\/serrature-meroni-favicon.gif\",\"width\":512,\"height\":512,\"caption\":\"Serrature Meroni\"},\"image\":{\"@id\":\"https:\\\/\\\/serraturemeroni.it\\\/es\\\/#\\\/schema\\\/logo\\\/image\\\/\"},\"sameAs\":[\"https:\\\/\\\/www.facebook.com\\\/serraturemeroni\\\/\"]}]}<\/script>\n<!-- \/ Yoast SEO plugin. -->","yoast_head_json":{"title":"Locker Locks | Serrature Meroni","robots":{"index":"noindex","follow":"nofollow"},"og_locale":"es_ES","og_type":"article","og_title":"Locker Locks | Serrature Meroni","og_description":"Cerraduras para taquillas Descubre la versatilidad y la innovaci\u00f3n de las soluciones de Serrature Meroni dedicadas a la seguridad de taquillas y mobiliario, tanto para la oficina como para otros entornos. Desde cerraduras mec\u00e1nicas hasta cerraduras electr\u00f3nicas y smart, la gama ofrece tecnolog\u00edas de vanguardia y un dise\u00f1o funcional. Elige la soluci\u00f3n perfecta y personaliza [&hellip;]","og_url":"https:\/\/serraturemeroni.it\/es\/locker-locks\/","og_site_name":"Serrature Meroni","article_publisher":"https:\/\/www.facebook.com\/serraturemeroni\/","article_modified_time":"2026-02-23T15:55:04+00:00","twitter_card":"summary_large_image","twitter_misc":{"Tiempo de lectura":"1 minuto"},"schema":{"@context":"https:\/\/schema.org","@graph":[{"@type":"WebPage","@id":"https:\/\/serraturemeroni.it\/es\/locker-locks\/","url":"https:\/\/serraturemeroni.it\/es\/locker-locks\/","name":"Locker Locks | Serrature Meroni","isPartOf":{"@id":"https:\/\/serraturemeroni.it\/es\/#website"},"datePublished":"2025-03-06T10:25:20+00:00","dateModified":"2026-02-23T15:55:04+00:00","breadcrumb":{"@id":"https:\/\/serraturemeroni.it\/es\/locker-locks\/#breadcrumb"},"inLanguage":"es","potentialAction":[{"@type":"ReadAction","target":["https:\/\/serraturemeroni.it\/es\/locker-locks\/"]}]},{"@type":"BreadcrumbList","@id":"https:\/\/serraturemeroni.it\/es\/locker-locks\/#breadcrumb","itemListElement":[{"@type":"ListItem","position":1,"name":"Home","item":"https:\/\/serraturemeroni.it\/es\/"},{"@type":"ListItem","position":2,"name":"Locker Locks"}]},{"@type":"WebSite","@id":"https:\/\/serraturemeroni.it\/es\/#website","url":"https:\/\/serraturemeroni.it\/es\/","name":"Serrature Meroni","description":"Dal 1945 leader nelle serrature di sicurezza","publisher":{"@id":"https:\/\/serraturemeroni.it\/es\/#organization"},"potentialAction":[{"@type":"SearchAction","target":{"@type":"EntryPoint","urlTemplate":"https:\/\/serraturemeroni.it\/es\/?s={search_term_string}"},"query-input":{"@type":"PropertyValueSpecification","valueRequired":true,"valueName":"search_term_string"}}],"inLanguage":"es"},{"@type":"Organization","@id":"https:\/\/serraturemeroni.it\/es\/#organization","name":"Serrature Meroni","url":"https:\/\/serraturemeroni.it\/es\/","logo":{"@type":"ImageObject","inLanguage":"es","@id":"https:\/\/serraturemeroni.it\/es\/#\/schema\/logo\/image\/","url":"https:\/\/serraturemeroni.it\/wp-content\/uploads\/2026\/02\/serrature-meroni-favicon.gif","contentUrl":"https:\/\/serraturemeroni.it\/wp-content\/uploads\/2026\/02\/serrature-meroni-favicon.gif","width":512,"height":512,"caption":"Serrature Meroni"},"image":{"@id":"https:\/\/serraturemeroni.it\/es\/#\/schema\/logo\/image\/"},"sameAs":["https:\/\/www.facebook.com\/serraturemeroni\/"]}]}},"_links":{"self":[{"href":"https:\/\/serraturemeroni.it\/es\/wp-json\/wp\/v2\/pages\/10725","targetHints":{"allow":["GET"]}}],"collection":[{"href":"https:\/\/serraturemeroni.it\/es\/wp-json\/wp\/v2\/pages"}],"about":[{"href":"https:\/\/serraturemeroni.it\/es\/wp-json\/wp\/v2\/types\/page"}],"author":[{"embeddable":true,"href":"https:\/\/serraturemeroni.it\/es\/wp-json\/wp\/v2\/users\/4"}],"replies":[{"embeddable":true,"href":"https:\/\/serraturemeroni.it\/es\/wp-json\/wp\/v2\/comments?post=10725"}],"version-history":[{"count":18,"href":"https:\/\/serraturemeroni.it\/es\/wp-json\/wp\/v2\/pages\/10725\/revisions"}],"predecessor-version":[{"id":11896,"href":"https:\/\/serraturemeroni.it\/es\/wp-json\/wp\/v2\/pages\/10725\/revisions\/11896"}],"wp:attachment":[{"href":"https:\/\/serraturemeroni.it\/es\/wp-json\/wp\/v2\/media?parent=10725"}],"curies":[{"name":"wp","href":"https:\/\/api.w.org\/{rel}","templated":true}]}}